{"id":2827,"date":"2026-01-12T13:11:46","date_gmt":"2026-01-12T12:11:46","guid":{"rendered":"https:\/\/wpmlexpert.com\/profil-pieter-bos\/"},"modified":"2026-01-30T15:41:53","modified_gmt":"2026-01-30T14:41:53","slug":"profil-pieter-bos","status":"publish","type":"page","link":"https:\/\/wpmlexpert.com\/de\/profil-pieter-bos\/","title":{"rendered":"Profil Pieter Bos"},"content":{"rendered":"\n<div class=\"wp-block-uagb-container banner uagb-block-6e6795cc alignfull uagb-is-root-container\"><div class=\"uagb-container-inner-blocks-wrap\">\n<div class=\"wp-block-uagb-info-box uagb-block-2b3d8aef uagb-infobox__content-wrap  uagb-infobox-icon-above-title uagb-infobox-image-valign-top\"><div class=\"uagb-ifb-content\"><div class=\"uagb-ifb-title-wrap\"><span class=\"uagb-ifb-title-prefix\">Ihre WPML-Support-Spezialisten<\/span><h1 class=\"uagb-ifb-title\">Experten f\u00fcr WPML- und WordPress-L\u00f6sungen<\/h1><\/div><\/div><\/div>\n<\/div><\/div>\n\n<div class=\"wp-block-uagb-container uagb-block-414425a3 alignfull uagb-is-root-container\"><div class=\"uagb-container-inner-blocks-wrap\">\n<div class=\"wp-block-uagb-container uagb-block-35be18b2\">\n<div class=\"wp-block-uagb-image alignleft uagb-block-71b88265 wp-block-uagb-image--layout-default wp-block-uagb-image--effect-static wp-block-uagb-image--align-left\"><figure class=\"wp-block-uagb-image__figure\"><img decoding=\"async\" srcset=\"https:\/\/wpmlexpert.com\/wp-content\/uploads\/2026\/01\/Pieter-Bos-WPML-expert-675x1024.jpg ,https:\/\/wpmlexpert.com\/wp-content\/uploads\/2026\/01\/Pieter-Bos-WPML-expert.jpg 780w, https:\/\/wpmlexpert.com\/wp-content\/uploads\/2026\/01\/Pieter-Bos-WPML-expert.jpg 360w\" sizes=\"auto, (max-width: 480px) 150px\" src=\"https:\/\/wpmlexpert.com\/wp-content\/uploads\/2026\/01\/Pieter-Bos-WPML-expert-675x1024.jpg\" alt=\"pieter bos wpml expert\" class=\"uag-image-2463\" width=\"529\" height=\"798\" title=\"pieter bos wpml expert\" loading=\"lazy\" role=\"img\"\/><\/figure><\/div><br>\n<\/div>\n\n\n\n<div class=\"wp-block-uagb-container uagb-block-bbe893ff\">\n<div class=\"wp-block-uagb-info-box uagb-block-6d937a9c uagb-infobox__content-wrap  uagb-infobox-icon-above-title uagb-infobox-image-valign-top\"><div class=\"uagb-ifb-content\"><div class=\"uagb-ifb-title-wrap\"><span class=\"uagb-ifb-title-prefix\">WER BIN ICH<\/span><h2 class=\"uagb-ifb-title\">Pieter Bos<\/h2><\/div><\/div><\/div>\n\n\n\n<div class=\"wp-block-uagb-advanced-heading uagb-block-9253ed68\"><h3 class=\"uagb-heading-text\">\u00dcber 15 Jahre WPML-Expertise<\/h3><\/div>\n\n\n\n<div class=\"wp-block-uagb-info-box uagb-block-0d4665a4 uagb-infobox__content-wrap  uagb-infobox-icon-above-title uagb-infobox-image-valign-top\"><div class=\"uagb-ifb-content\"><div class=\"uagb-ifb-title-wrap\"><p class=\"uagb-ifb-title\">Ich arbeite seit 2006 professionell mit WordPress. Meine Erfahrung mit WPML reicht bis zu dessen Anf\u00e4ngen Anfang 2009 zur\u00fcck, und wie Boris war ich WPML-Contractor der ersten Stunde, als 2011 das offizielle externe Support-System gestartet wurde. Im Laufe der Jahre habe ich so gut wie alles gesehen \u2013 auch wenn die sich st\u00e4ndig weiterentwickelnde digitale Landschaft gelegentlich noch f\u00fcr \u00dcberraschungen sorgt.<br\/><br\/>Ich verf\u00fcge \u00fcber umfangreiche Erfahrung im Aufbau und in der Fehlerbehebung komplexer WordPress- und WPML-Setups, einschlie\u00dflich Integrationen mit WooCommerce, Advanced Custom Fields (ACF) und WP All Import. Bei Bedarf \u00fcbernehme ich individuelle Programmierung \u2013 von kleinen Code-Snippets bis hin zu ma\u00dfgeschneiderten WordPress-Plugins und ACF-Block-Templates. Ich arbeite routiniert mit s\u00e4mtlichen Themes und Page Buildern, die auf dem Markt verf\u00fcgbar sind.<br\/><br\/>Mein Kundenstamm ist vielf\u00e4ltig und weltweit verteilt. Ich arbeite regelm\u00e4\u00dfig mit gro\u00dfen Unternehmen an umfangreichen, regions\u00fcbergreifenden Implementierungen ebenso wie mit Start-ups und kleinen Betrieben, die ihren Einstieg in internationale M\u00e4rkte suchen. Ein bedeutender Teil meiner Arbeit besteht in Partnerschaften mit Agenturen als White-Label-WPML-Spezialist, wobei ich ihnen zuverl\u00e4ssigen, wiederkehrenden technischen Support f\u00fcr ihre eigenen Kundenportfolios biete.<br\/><br\/>Sprache und Kommunikation stehen im Mittelpunkt meiner Arbeit. Neben Niederl\u00e4ndisch als Muttersprache spreche ich flie\u00dfend Englisch, Portugiesisch, Mandarin-Chinesisch und Deutsch und lerne derzeit Thai als meine sechste Sprache.<br\/><br\/>Ich bin stolz darauf, komplexe mehrsprachige Herausforderungen pr\u00e4zise zu meistern und Kunden weltweit ein hohes Serviceniveau zu bieten.<\/p><\/div><p class=\"uagb-ifb-desc\"><br\/><\/p><\/div><\/div>\n\n\n\n<div class=\"wp-block-buttons is-layout-flex wp-block-buttons-is-layout-flex\">\n<div class=\"wp-block-button is-style-fill\"><a class=\"wp-block-button__link wp-element-button\" href=\"https:\/\/wpmlexpert.com\/de\/kontakt-pieter-bos\/\">PIETER kontaktieren<\/a><\/div>\n\n\n\n<div class=\"wp-block-button is-style-fill\"><a class=\"wp-block-button__link wp-element-button\" href=\"https:\/\/wa.me\/351969614891\" target=\"_blank\" rel=\"noreferrer noopener\">WHATSAPP PIETER<\/a><\/div>\n<\/div>\n<\/div>\n<\/div><\/div>\n\n<div class=\"wp-block-uagb-container uagb-block-13266436 alignfull uagb-is-root-container\"><div class=\"uagb-container-inner-blocks-wrap\">\n<div class=\"wp-block-uagb-container uagb-block-b46055d9\">\n<div class=\"wp-block-uagb-info-box uagb-block-c879a635 uagb-infobox__content-wrap  uagb-infobox-icon-above-title uagb-infobox-image-valign-top wp-block-uagb-info-box--has-margin\"><div class=\"uagb-infobox-margin-wrapper\"><div class=\"uagb-ifb-content\"><div class=\"uagb-ifb-title-wrap\"><span class=\"uagb-ifb-title-prefix\">Warum mich w\u00e4hlen?<\/span><h3 class=\"uagb-ifb-title\">Das ist eine berechtigte Frage<\/h3><\/div><p class=\"uagb-ifb-desc\">Es gibt keinen Mangel an WordPress-Entwicklern, und ich bin sicherlich nicht der Einzige mit einem hohen Ma\u00df an WPML-Erfahrung. Mein Mehrwert liegt jedoch darin, dass ich nicht nur Aufgaben ausf\u00fchre, sondern als technischer Partner agiere und gemeinsam mit Ihnen die Logik Ihres Projekts durchdenke.<br\/><br\/>Ich bin \u00fcberzeugt, dass klare Kommunikation genauso wichtig ist wie sauberer Code. Deshalb lege ich gro\u00dfen Wert darauf, meinen Prozess so detailliert zu erkl\u00e4ren, wie Sie es ben\u00f6tigen, damit Sie genau wissen, was ich umgesetzt habe. Mein Anspruch, Dinge gleich beim ersten Mal richtig zu machen, ist der Grund, warum so viele meiner Kunden \u2013 von globalen Konzernen bis hin zu Boutique-Agenturen \u2013 mir seit Jahren treu bleiben.<br\/><br\/>In einer komplexen mehrsprachigen Umgebung brauchen Sie mehr als nur einen Programmierer \u2013 Sie brauchen jemanden, der die architektonischen Zusammenh\u00e4nge versteht. Ich bin stolz darauf, ein Serviceniveau zu bieten, das meinen Kunden Sicherheit in ihrer globalen Pr\u00e4senz gibt, und ich betrachte einen Auftrag erst dann als abgeschlossen, wenn er meinen eigenen hohen Qualit\u00e4tsanspr\u00fcchen entspricht.<\/p><\/div><\/div><\/div>\n\n\n\n<div class=\"wp-block-buttons is-layout-flex wp-block-buttons-is-layout-flex\">\n<div class=\"wp-block-button is-style-fill\"><a class=\"wp-block-button__link wp-element-button\" href=\"https:\/\/wpmlexpert.com\/de\/kontakt-pieter-bos\/\">PIETER kontaktieren<\/a><\/div>\n\n\n\n<div class=\"wp-block-button is-style-fill\"><a class=\"wp-block-button__link wp-element-button\" href=\"https:\/\/www.linkedin.com\/in\/pieterbos83\/\" target=\"_blank\" rel=\"noreferrer noopener\">PIETER auf linkedin<\/a><\/div>\n<\/div>\n\n\n\n<div class=\"wp-block-uagb-advanced-heading uagb-block-d5e512f1\"><\/div>\n\n\n\n<div style=\"height:6rem\" aria-hidden=\"true\" class=\"wp-block-spacer\"><\/div>\n\n\n\n<div class=\"wp-block-uagb-info-box uagb-block-9a175bf5 uagb-infobox__content-wrap  uagb-infobox-icon-above-title uagb-infobox-image-valign-top wp-block-uagb-info-box--has-margin\"><div class=\"uagb-infobox-margin-wrapper\"><div class=\"uagb-ifb-content\"><div class=\"uagb-ifb-title-wrap\"><span class=\"uagb-ifb-title-prefix\">MEIN PORTFOLIO ANSEHEN<\/span><\/div><p class=\"uagb-ifb-desc\">M\u00f6chten Sie sehen, woran ich im Laufe der Jahre gearbeitet habe? Werfen Sie einen Blick in mein Portfolio!<\/p><\/div><\/div><\/div>\n\n\n\n<div class=\"wp-block-buttons is-content-justification-left is-layout-flex wp-container-core-buttons-is-layout-fc4fd283 wp-block-buttons-is-layout-flex\">\n<div class=\"wp-block-button\"><a class=\"wp-block-button__link wp-element-button\" href=\"https:\/\/www.bhi-localization.com\/projects\/\" target=\"_blank\" rel=\"noreferrer noopener\">Portfolio pieter bos<\/a><\/div>\n<\/div>\n<\/div>\n\n\n\n<div class=\"wp-block-uagb-container uagb-block-454f0994\">\n<div class=\"wp-block-uagb-image alignright uagb-block-1b6bb9ad wp-block-uagb-image--layout-default wp-block-uagb-image--effect-static wp-block-uagb-image--align-right\"><figure class=\"wp-block-uagb-image__figure\"><img decoding=\"async\" srcset=\"https:\/\/wpmlexpert.com\/wp-content\/uploads\/2025\/12\/pexels-photo-335393.jpeg ,https:\/\/wpmlexpert.com\/wp-content\/uploads\/2025\/12\/pexels-photo-335393.jpeg 780w, https:\/\/wpmlexpert.com\/wp-content\/uploads\/2025\/12\/pexels-photo-335393.jpeg 360w\" sizes=\"auto, (max-width: 480px) 150px\" src=\"https:\/\/wpmlexpert.com\/wp-content\/uploads\/2025\/12\/pexels-photo-335393.jpeg\" alt=\"Detailed close-up of a globe showcasing parts of Europe and Asia for world exploration concepts.\" class=\"uag-image-77\" width=\"529\" height=\"564\" title=\"\" loading=\"lazy\" role=\"img\"\/><\/figure><\/div><br>\n\n\n\n<div class=\"wp-block-uagb-image aligncenter uagb-block-0add6c8c wp-block-uagb-image--layout-default wp-block-uagb-image--effect-static wp-block-uagb-image--align-center uag-blocks-common-selector\" style=\"--z-index-desktop:1;;--z-index-tablet:undefined;;--z-index-mobile:undefined;\"><figure class=\"wp-block-uagb-image__figure\"><img decoding=\"async\" srcset=\"https:\/\/wpmlexpert.com\/wp-content\/uploads\/2025\/12\/pexels-photo-3935702-1024x682.jpeg ,https:\/\/wpmlexpert.com\/wp-content\/uploads\/2025\/12\/pexels-photo-3935702.jpeg 780w, https:\/\/wpmlexpert.com\/wp-content\/uploads\/2025\/12\/pexels-photo-3935702.jpeg 360w\" sizes=\"auto, (max-width: 480px) 150px\" src=\"https:\/\/wpmlexpert.com\/wp-content\/uploads\/2025\/12\/pexels-photo-3935702-1024x682.jpeg\" alt=\"A woman holds a map while traveling through the scenic desert of California, USA.\" class=\"uag-image-84\" width=\"252\" height=\"252\" title=\"pexels photo 3935702\" loading=\"lazy\" role=\"img\"\/><\/figure><\/div><br>\n<\/div>\n<\/div><\/div>\n\n<div class=\"wp-block-uagb-container uagb-block-7b2ae4e0 alignfull uagb-is-root-container\"><div class=\"uagb-container-inner-blocks-wrap\">\n<div class=\"wp-block-uagb-container uagb-block-2b36acf2\">\n<div class=\"wp-block-uagb-image alignright uagb-block-e782fd24 wp-block-uagb-image--layout-default wp-block-uagb-image--effect-static wp-block-uagb-image--align-right\"><figure class=\"wp-block-uagb-image__figure\"><img decoding=\"async\" srcset=\"https:\/\/wpmlexpert.com\/wp-content\/uploads\/2025\/12\/pexels-photo-8828586-683x1024.jpeg ,https:\/\/wpmlexpert.com\/wp-content\/uploads\/2025\/12\/pexels-photo-8828586.jpeg 780w, https:\/\/wpmlexpert.com\/wp-content\/uploads\/2025\/12\/pexels-photo-8828586.jpeg 360w\" sizes=\"auto, (max-width: 480px) 150px\" src=\"https:\/\/wpmlexpert.com\/wp-content\/uploads\/2025\/12\/pexels-photo-8828586-683x1024.jpeg\" alt=\"A close-up shot of a compass resting on a map of India, symbolizing exploration and travel.\" class=\"uag-image-82\" width=\"520\" height=\"1000\" title=\"pexels photo 8828586\" loading=\"lazy\" role=\"img\"\/><\/figure><\/div><br>\n<\/div>\n\n\n\n<div class=\"wp-block-uagb-container uagb-block-9c729b6d\">\n<div class=\"wp-block-uagb-info-box uagb-block-965a49b3 uagb-infobox__content-wrap  uagb-infobox-icon-above-title uagb-infobox-image-valign-top wp-block-uagb-info-box--has-margin\"><div class=\"uagb-infobox-margin-wrapper\"><div class=\"uagb-ifb-content\"><div class=\"uagb-ifb-title-wrap\"><h3 class=\"uagb-ifb-title-prefix\">Meine Fachgebiete<\/h3><\/div><\/div><\/div><\/div>\n\n\n\n<div class=\"wp-block-uagb-advanced-heading uagb-block-23798266\"><h4 class=\"uagb-heading-text\">Allgemein<\/h4><p class=\"uagb-desc-text\">Wenn ich Audits durchf\u00fchre, konzentriere ich mich darauf, suboptimale Konfigurationen zu identifizieren, die Wachstum behindern. In den folgenden Bereichen liefere ich umsetzbares Feedback und setze entsprechende Ma\u00dfnahmen um:<\/p><\/div>\n\n\n\n<ul class=\"wp-block-list\">\n<li>Performance: Geschwindigkeitsoptimierung f\u00fcr Nutzer weltweit.<\/li>\n\n\n\n<li>Sicherheit: Absicherung von WordPress-Umgebungen.<\/li>\n\n\n\n<li>Mehrsprachiges SEO: Sicherstellen, dass Suchmaschinen alle Sprachversionen korrekt indexieren.<\/li>\n\n\n\n<li>Lokalisierungsstrategie: Anpassung von Inhalten und Struktur an spezifische Zielm\u00e4rkte.<\/li>\n<\/ul>\n\n\n\n<div class=\"wp-block-uagb-advanced-heading uagb-block-cdca2ad1\"><h4 class=\"uagb-heading-text\">Plugins<\/h4><p class=\"uagb-desc-text\">Ich habe mit hunderten von Plugins gearbeitet, insbesondere mit solchen, die eine tiefe WPML-Integration ben\u00f6tigen, um im Frontend korrekt zu funktionieren.<\/p><\/div>\n\n\n\n<ul class=\"wp-block-list\">\n<li>Advanced Custom Fields (ACF): Expertise in komplexen Datenstrukturen und ACF-Block-Templates.<\/li>\n\n\n\n<li>E-Commerce: Nahtlose mehrsprachige WooCommerce-Setups.<\/li>\n\n\n\n<li>Datenmanagement: Umfangreiche Migrationen von anderen \u00dcbersetzungs-Plugins sowie Synchronisierungen \u2013 entweder manuell oder mithilfe von WP All Import\/Export.<\/li>\n<\/ul>\n\n\n\n<div class=\"wp-block-uagb-advanced-heading uagb-block-d9e8e1cc\"><h4 class=\"uagb-heading-text\">Page Builder &amp; Frameworks<\/h4><p class=\"uagb-desc-text\">Ich bin darin versiert sicherzustellen, dass Layout-Builder perfekt \u00fcbersetzt werden, ohne das Design zu beeintr\u00e4chtigen.<\/p><\/div>\n\n\n\n<ul class=\"wp-block-list\">\n<li>Gutenberg \/ Block Editor<\/li>\n\n\n\n<li>Elementor<\/li>\n\n\n\n<li>WP Visual Bakery<\/li>\n<\/ul>\n\n\n\n<div class=\"wp-block-uagb-advanced-heading uagb-block-3f9ca0a2\"><h4 class=\"uagb-heading-text\">Themes<\/h4><p class=\"uagb-desc-text\">Ich verf\u00fcge \u00fcber umfangreiche Erfahrung in der Anpassung und Fehlerbehebung aller marktf\u00fchrenden Themes sowie darin, ma\u00dfgeschneiderte Themes f\u00fcr \u00dcbersetzungen geeignet zu machen (Internationalisierungsarbeit).<\/p><\/div>\n\n\n\n<ul class=\"wp-block-list\">\n<li>Hello<\/li>\n\n\n\n<li>Astra<\/li>\n\n\n\n<li>Avada<\/li>\n\n\n\n<li>Divi<\/li>\n\n\n\n<li>Flatsome<\/li>\n<\/ul>\n\n\n\n<div class=\"wp-block-buttons is-layout-flex wp-block-buttons-is-layout-flex\">\n<div class=\"wp-block-button is-style-fill\"><a class=\"wp-block-button__link wp-element-button\" href=\"https:\/\/wpmlexpert.com\/de\/kontakt-pieter-bos\/\">PIETER kontaktieren<\/a><\/div>\n<\/div>\n<\/div>\n<\/div><\/div>\n\n<div style=\"height:4rem\" aria-hidden=\"true\" class=\"wp-block-spacer\"><\/div>\n\n<div class=\"wp-block-uagb-container uagb-block-594ea4a3 alignfull uagb-is-root-container\"><div class=\"uagb-container-inner-blocks-wrap\">\n<div class=\"wp-block-uagb-info-box uagb-block-a004c0c4 uagb-infobox__content-wrap  uagb-infobox-icon-above-title uagb-infobox-image-valign-top wp-block-uagb-info-box--has-margin\"><div class=\"uagb-infobox-margin-wrapper\"><div class=\"uagb-ifb-content\"><div class=\"uagb-ifb-title-wrap\"><span class=\"uagb-ifb-title-prefix\">Wir k\u00f6nnen alles behaupten<\/span><h2 class=\"uagb-ifb-title\">Aber es ist besser, wenn Sie es direkt von unseren Kunden h\u00f6ren!<\/h2><\/div><\/div><\/div><\/div>\n\n\n\n<div class=\"wp-block-uagb-container reviews uagb-block-97a980c6\">\n<div class=\"wp-block-uagb-container testimonial uagb-block-cc39b277\">\n<div class=\"wp-block-uagb-star-rating uagb-block-c7eda90e\"><div class=\"uag-star-rating\" title=\"5\/5\"><span class=\"uag-star\">\u2605<\/span><span class=\"uag-star\">\u2605<\/span><span class=\"uag-star\">\u2605<\/span><span class=\"uag-star\">\u2605<\/span><span class=\"uag-star\">\u2605<\/span><\/div><\/div><br>\n\n\n\n<div class=\"wp-block-uagb-testimonial uagb-slick-carousel uagb-tm__arrow-outside uagb-block-5009f5b9 uagb-post__carousel_notset uagb-post__carousel_notset-tablet uagb-post__carousel_notset-mobile\"><div class=\"is-carousel uagb-tm__columns-1 uagb-tm__items\"><div class=\"uagb-testimonial__wrap  uagb-tm__imgicon-style-circle uagb-tm__image-position-bottom uagb-tm__bg-type-none \"><div class=\"uagb-tm__content\"><div class=\"uagb-tm__overlay\"><\/div><div class=\"uagb-tm__text-wrap\"><div class=\"uagb-tm__desc\">Wir wollten die Internationalisierung nutzen, um unsere Reichweite zu vervielfachen, doch dadurch erh\u00f6hte sich auch die Komplexit\u00e4t unseres ohnehin bereits komplexen WordPress-Multisite-Netzwerks. Wir haben Pieter beauftragt, unsere Websites f\u00fcr WPML vorzubereiten, und dabei hat er Themes, Plugins und weitere Bestandteile der Systemarchitektur aktualisiert und optimiert. Wir sch\u00e4tzten seine Kompetenz im Umgang mit WPML sowie sein breites Wissen \u00fcber die vielen Technologien und Ebenen einer komplexen WordPress-Website \u2013 ebenso wie seine Transparenz und die klare Dokumentation von Updates und Empfehlungen. Nach Abschluss unseres Website-Upgrade-Projekts haben wir BHI als vertrauensw\u00fcrdigen Partner f\u00fcr Wartung und Support behalten.<\/div><div class=\"uagb-tm__meta-inner\"><div class=\"uagb-testimonial-details\"><span class=\"uagb-tm__author-name\">Gesch\u00e4ftsf\u00fchrender Direktor<\/span><span class=\"uagb-tm__company\">gro\u00dfer US-amerikanischer Verlag<\/span><\/div><\/div><\/div><\/div><\/div><\/div><\/div>\n<\/div>\n\n\n\n<div class=\"wp-block-uagb-container uagb-block-803378fe\">\n<div class=\"wp-block-uagb-star-rating uagb-block-7789cf8c\"><div class=\"uag-star-rating\" title=\"5\/5\"><span class=\"uag-star\">\u2605<\/span><span class=\"uag-star\">\u2605<\/span><span class=\"uag-star\">\u2605<\/span><span class=\"uag-star\">\u2605<\/span><span class=\"uag-star\">\u2605<\/span><\/div><\/div><br>\n\n\n\n<div class=\"wp-block-uagb-testimonial uagb-slick-carousel uagb-tm__arrow-outside uagb-block-35cd3aef uagb-post__carousel_notset uagb-post__carousel_notset-tablet uagb-post__carousel_notset-mobile\"><div class=\"is-carousel uagb-tm__columns-1 uagb-tm__items\"><div class=\"uagb-testimonial__wrap  uagb-tm__imgicon-style-circle uagb-tm__image-position-bottom uagb-tm__bg-type-none \"><div class=\"uagb-tm__content\"><div class=\"uagb-tm__overlay\"><\/div><div class=\"uagb-tm__text-wrap\"><div class=\"uagb-tm__desc\">Vielen Dank f\u00fcr Ihre herausragende Arbeit an meiner Website. Ihre Expertise bei der Erstellung des neuen Child-Themes, der nahtlosen Integration der Einstellungen des Parent-Themes sowie bei der Korrektur der \u00dcbersetzungs- und Template-Dateien hat die Performance erheblich verbessert. Ihre Liebe zum Detail, Ihr kooperativer Ansatz und Ihre F\u00e4higkeit, Formulierungen gem\u00e4\u00df meinen Vorgaben anzupassen, sind wirklich bemerkenswert. Ich sch\u00e4tze Ihre gr\u00fcndliche Abschlusspr\u00fcfung und die Empfehlungen, die Sie mir zur St\u00e4rkung meiner Crowdfunding-Plattform gegeben haben, sehr. Ich empfehle Ihre Dienstleistungen uneingeschr\u00e4nkt weiter.<\/div><div class=\"uagb-tm__meta-inner\"><div class=\"uagb-testimonial-details\"><span class=\"uagb-tm__author-name\">Inhaber<\/span><span class=\"uagb-tm__company\">In der Schweiz ans\u00e4ssige NGO mit Fokus auf Crowdfunding-Projekte im Kosovo<\/span><\/div><\/div><\/div><\/div><\/div><\/div><\/div>\n<\/div>\n\n\n\n<div class=\"wp-block-uagb-container uagb-block-af1aa8c6\">\n<div class=\"wp-block-uagb-star-rating uagb-block-302899a7\"><div class=\"uag-star-rating\" title=\"5\/5\"><span class=\"uag-star\">\u2605<\/span><span class=\"uag-star\">\u2605<\/span><span class=\"uag-star\">\u2605<\/span><span class=\"uag-star\">\u2605<\/span><span class=\"uag-star\">\u2605<\/span><\/div><\/div><br>\n\n\n\n<div class=\"wp-block-uagb-testimonial uagb-slick-carousel uagb-tm__arrow-outside uagb-block-0b29d2f6 uagb-post__carousel_notset uagb-post__carousel_notset-tablet uagb-post__carousel_notset-mobile\"><div class=\"is-carousel uagb-tm__columns-1 uagb-tm__items\"><div class=\"uagb-testimonial__wrap  uagb-tm__imgicon-style-circle uagb-tm__image-position-bottom uagb-tm__bg-type-none \"><div class=\"uagb-tm__content\"><div class=\"uagb-tm__overlay\"><\/div><div class=\"uagb-tm__text-wrap\"><div class=\"uagb-tm__desc\">Heute haben wir dank seiner Hilfe eine Website aufgebaut, die zuverl\u00e4ssige \u00dcbersetzungen gew\u00e4hrleistet. Wenn Sie sich in einer Situation befinden, in der Sie mit WPML nicht weiterkommen, kontaktieren Sie Pieter.\u201c<\/div><div class=\"uagb-tm__meta-inner\"><div class=\"uagb-testimonial-details\"><span class=\"uagb-tm__author-name\">Marketingdirektor<\/span><span class=\"uagb-tm__company\">In Singapur ans\u00e4ssiges Start-up<\/span><\/div><\/div><\/div><\/div><\/div><\/div><\/div>\n<\/div>\n<\/div>\n<\/div><\/div>\n","protected":false},"excerpt":{"rendered":"<p>\u00dcber 15 Jahre WPML-Expertise Allgemein Wenn ich Audits durchf\u00fchre, konzentriere ich mich darauf, suboptimale Konfigurationen zu identifizieren, die Wachstum behindern. [&hellip;]<\/p>\n","protected":false},"author":4,"featured_media":0,"parent":0,"menu_order":33,"comment_status":"closed","ping_status":"closed","template":"","meta":{"_seopress_robots_primary_cat":"","_seopress_titles_title":"","_seopress_titles_desc":"Hallo, ich bin Pieter Bos und arbeite seit 2006 professionell mit WordPress, seit 2009 mit WPML. Kontaktieren Sie mich, um alle WPML-Probleme auf Ihrer Website oder der Ihrer Kunden zu l\u00f6sen.","_seopress_robots_index":"","_uag_custom_page_level_css":"","site-sidebar-layout":"no-sidebar","site-content-layout":"","ast-site-content-layout":"normal-width-container","site-content-style":"default","site-sidebar-style":"default","ast-global-header-display":"","ast-banner-title-visibility":"","ast-main-header-display":"","ast-hfb-above-header-display":"","ast-hfb-below-header-display":"","ast-hfb-mobile-header-display":"","site-post-title":"disabled","ast-breadcrumbs-content":"","ast-featured-img":"","footer-sml-layout":"","ast-disable-related-posts":"","theme-transparent-header-meta":"enabled","adv-header-id-meta":"","stick-header-meta":"","header-above-stick-meta":"","header-main-stick-meta":"","header-below-stick-meta":"","astra-migrate-meta-layouts":"default","ast-page-background-enabled":"default","ast-page-background-meta":{"desktop":{"background-color":"var(--ast-global-color-4)","background-image":"","background-repeat":"repeat","background-position":"center center","background-size":"auto","background-attachment":"scroll","background-type":"","background-media":"","overlay-type":"","overlay-color":"","overlay-opacity":"","overlay-gradient":""},"tablet":{"background-color":"","background-image":"","background-repeat":"repeat","background-position":"center center","background-size":"auto","background-attachment":"scroll","background-type":"","background-media":"","overlay-type":"","overlay-color":"","overlay-opacity":"","overlay-gradient":""},"mobile":{"background-color":"","background-image":"","background-repeat":"repeat","background-position":"center center","background-size":"auto","background-attachment":"scroll","background-type":"","background-media":"","overlay-type":"","overlay-color":"","overlay-opacity":"","overlay-gradient":""}},"ast-content-background-meta":{"desktop":{"background-color":"var(--ast-global-color-5)","background-image":"","background-repeat":"repeat","background-position":"center center","background-size":"auto","background-attachment":"scroll","background-type":"","background-media":"","overlay-type":"","overlay-color":"","overlay-opacity":"","overlay-gradient":""},"tablet":{"background-color":"var(--ast-global-color-5)","background-image":"","background-repeat":"repeat","background-position":"center center","background-size":"auto","background-attachment":"scroll","background-type":"","background-media":"","overlay-type":"","overlay-color":"","overlay-opacity":"","overlay-gradient":""},"mobile":{"background-color":"var(--ast-global-color-5)","background-image":"","background-repeat":"repeat","background-position":"center center","background-size":"auto","background-attachment":"scroll","background-type":"","background-media":"","overlay-type":"","overlay-color":"","overlay-opacity":"","overlay-gradient":""}},"footnotes":""},"class_list":["post-2827","page","type-page","status-publish","hentry"],"uagb_featured_image_src":{"full":false,"thumbnail":false,"medium":false,"medium_large":false,"large":false,"1536x1536":false,"2048x2048":false,"gform-image-choice-sm":false,"gform-image-choice-md":false,"gform-image-choice-lg":false},"uagb_author_info":{"display_name":"Boris Hoekmeijer","author_link":"https:\/\/wpmlexpert.com\/de\/author\/admbo_xp3rtwpml-45hg78xc3\/"},"uagb_comment_info":0,"uagb_excerpt":"\u00dcber 15 Jahre WPML-Expertise Allgemein Wenn ich Audits durchf\u00fchre, konzentriere ich mich darauf, suboptimale Konfigurationen zu identifizieren, die Wachstum behindern. [&hellip;]","_links":{"self":[{"href":"https:\/\/wpmlexpert.com\/de\/wp-json\/wp\/v2\/pages\/2827","targetHints":{"allow":["GET"]}}],"collection":[{"href":"https:\/\/wpmlexpert.com\/de\/wp-json\/wp\/v2\/pages"}],"about":[{"href":"https:\/\/wpmlexpert.com\/de\/wp-json\/wp\/v2\/types\/page"}],"author":[{"embeddable":true,"href":"https:\/\/wpmlexpert.com\/de\/wp-json\/wp\/v2\/users\/4"}],"replies":[{"embeddable":true,"href":"https:\/\/wpmlexpert.com\/de\/wp-json\/wp\/v2\/comments?post=2827"}],"version-history":[{"count":7,"href":"https:\/\/wpmlexpert.com\/de\/wp-json\/wp\/v2\/pages\/2827\/revisions"}],"predecessor-version":[{"id":2894,"href":"https:\/\/wpmlexpert.com\/de\/wp-json\/wp\/v2\/pages\/2827\/revisions\/2894"}],"wp:attachment":[{"href":"https:\/\/wpmlexpert.com\/de\/wp-json\/wp\/v2\/media?parent=2827"}],"curies":[{"name":"wp","href":"https:\/\/api.w.org\/{rel}","templated":true}]}}