{"id":2822,"date":"2025-12-22T13:37:32","date_gmt":"2025-12-22T12:37:32","guid":{"rendered":"https:\/\/wpmlexpert.com\/profil-boris-hoekmeijer\/"},"modified":"2026-01-30T15:43:17","modified_gmt":"2026-01-30T14:43:17","slug":"profil-boris-hoekmeijer","status":"publish","type":"page","link":"https:\/\/wpmlexpert.com\/de\/profil-boris-hoekmeijer\/","title":{"rendered":"Profil Boris Hoekmeijer"},"content":{"rendered":"\n<div class=\"wp-block-uagb-container banner uagb-block-6e6795cc alignfull uagb-is-root-container\"><div class=\"uagb-container-inner-blocks-wrap\">\n<div class=\"wp-block-uagb-info-box uagb-block-2b3d8aef uagb-infobox__content-wrap  uagb-infobox-icon-above-title uagb-infobox-image-valign-top\"><div class=\"uagb-ifb-content\"><div class=\"uagb-ifb-title-wrap\"><span class=\"uagb-ifb-title-prefix\">Ihre WPML-Support-Spezialisten<\/span><h1 class=\"uagb-ifb-title\">Experten f\u00fcr WPML- und WordPress-L\u00f6sungen<\/h1><\/div><\/div><\/div>\n<\/div><\/div>\n\n<div class=\"wp-block-uagb-container uagb-block-414425a3 alignfull uagb-is-root-container\"><div class=\"uagb-container-inner-blocks-wrap\">\n<div class=\"wp-block-uagb-container uagb-block-35be18b2\">\n<div class=\"wp-block-uagb-image alignleft uagb-block-71b88265 wp-block-uagb-image--layout-default wp-block-uagb-image--effect-static wp-block-uagb-image--align-left\"><figure class=\"wp-block-uagb-image__figure\"><img decoding=\"async\" srcset=\"https:\/\/wpmlexpert.com\/wp-content\/uploads\/2025\/12\/Boris-Hoekmeijer-WPML-expert-675x1024.jpg ,https:\/\/wpmlexpert.com\/wp-content\/uploads\/2025\/12\/Boris-Hoekmeijer-WPML-expert.jpg 780w, https:\/\/wpmlexpert.com\/wp-content\/uploads\/2025\/12\/Boris-Hoekmeijer-WPML-expert.jpg 360w\" sizes=\"auto, (max-width: 480px) 150px\" src=\"https:\/\/wpmlexpert.com\/wp-content\/uploads\/2025\/12\/Boris-Hoekmeijer-WPML-expert-675x1024.jpg\" alt=\"boris hoekmeijer wpml expert\" class=\"uag-image-2187\" width=\"529\" height=\"798\" title=\"boris hoekmeijer wpml expert\" loading=\"lazy\" role=\"img\"\/><\/figure><\/div><br>\n<\/div>\n\n\n\n<div class=\"wp-block-uagb-container uagb-block-bbe893ff\">\n<div class=\"wp-block-uagb-info-box uagb-block-6d937a9c uagb-infobox__content-wrap  uagb-infobox-icon-above-title uagb-infobox-image-valign-top\"><div class=\"uagb-ifb-content\"><div class=\"uagb-ifb-title-wrap\"><span class=\"uagb-ifb-title-prefix\">WER BIN ICH<\/span><h2 class=\"uagb-ifb-title\">Boris Hoekmeijer<\/h2><\/div><\/div><\/div>\n\n\n\n<div class=\"wp-block-uagb-advanced-heading uagb-block-9253ed68\"><h3 class=\"uagb-heading-text\">WP- &amp; WPML-Spezialist seit 2010<\/h3><\/div>\n\n\n\n<div class=\"wp-block-uagb-info-box uagb-block-0d4665a4 uagb-infobox__content-wrap  uagb-infobox-icon-above-title uagb-infobox-image-valign-top\"><div class=\"uagb-ifb-content\"><div class=\"uagb-ifb-title-wrap\"><p class=\"uagb-ifb-title\">Ich bin niederl\u00e4ndischer Muttersprachler und seit 2010 als unabh\u00e4ngiger Webdesigner und -entwickler t\u00e4tig. Im Laufe der Jahre habe ich viele Websites gestaltet und aufgebaut (sowie gehostet und gewartet).<br\/><br\/>Ich verf\u00fcge \u00fcber umfangreiche Erfahrung im Aufbau und in der Fehlerbehebung von WPML und WordPress, einschlie\u00dflich komplexer Setups mit WooCommerce, Advanced Custom Fields, WP All Import usw.<br\/><br\/>Ich habe mit einer Vielzahl von Themes und Page Buildern gearbeitet, darunter Elementor, WP Visual Bakery, UX Blocks, Avada usw. Wenn es um WPML geht, gibt es nur sehr wenig, das ich noch nicht gesehen habe.<\/p><\/div><p class=\"uagb-ifb-desc\">Als WPML-Contractor war ich jahrelang im WPML-Contractors-Board vertreten (<a href=\"https:\/\/wpml.org\/announcements\/2025\/08\/wpml-contractors-system-closing\/\" data-type=\"link\" data-id=\"https:\/\/wpml.org\/announcements\/2025\/08\/wpml-contractors-system-closing\/\" target=\"_blank\" rel=\"noreferrer noopener\">wie Sie hier sehen k\u00f6nnen<\/a>) und habe weltweit hunderten Kunden mit ihren WPML-Websites geholfen. Ich spreche flie\u00dfend Niederl\u00e4ndisch und Englisch und habe au\u00dferdem Kenntnisse in Deutsch und Franz\u00f6sisch.<br\/><br\/>Eine hohe Servicequalit\u00e4t ist mir sehr wichtig. Ich m\u00f6chte, dass meine Kunden stolz auf das Endergebnis sind \u2013 und ich selbst genauso. Ein zufriedener Kunde macht mich gl\u00fccklich! Ich kommuniziere unkompliziert, bin flexibel, arbeite schnell und effizient und reagiere immer zeitnah.<\/p><\/div><\/div>\n\n\n\n<div class=\"wp-block-buttons is-layout-flex wp-block-buttons-is-layout-flex\">\n<div class=\"wp-block-button is-style-fill\"><a class=\"wp-block-button__link wp-element-button\" href=\"https:\/\/wpmlexpert.com\/de\/kontakt-boris-hoekmeijer\/\">Boris kontaktieren<\/a><\/div>\n\n\n\n<div class=\"wp-block-button is-style-fill\"><a class=\"wp-block-button__link wp-element-button\" href=\"callto:+31647847723\">Boris anrufen<\/a><\/div>\n<\/div>\n<\/div>\n<\/div><\/div>\n\n<div class=\"wp-block-uagb-container uagb-block-13266436 alignfull uagb-is-root-container\"><div class=\"uagb-container-inner-blocks-wrap\">\n<div class=\"wp-block-uagb-container uagb-block-b46055d9\">\n<div class=\"wp-block-uagb-info-box uagb-block-c879a635 uagb-infobox__content-wrap  uagb-infobox-icon-above-title uagb-infobox-image-valign-top wp-block-uagb-info-box--has-margin\"><div class=\"uagb-infobox-margin-wrapper\"><div class=\"uagb-ifb-content\"><div class=\"uagb-ifb-title-wrap\"><span class=\"uagb-ifb-title-prefix\">Warum mich w\u00e4hlen?<\/span><h3 class=\"uagb-ifb-title\">Starker Wettbewerb. Warum sollten Sie mich beauftragen?<\/h3><\/div><p class=\"uagb-ifb-desc\">Genau. Es gibt viele WordPress-\u201eSpezialisten\u201c da drau\u00dfen, und ich bin nicht der Einzige mit viel WPML-Erfahrung.<br\/><br\/>Ich erledige nicht einfach nur Aufgaben \u2013 ich denke mit Ihnen mit. Das tr\u00e4gt ma\u00dfgeblich dazu bei, das bestm\u00f6gliche Ergebnis f\u00fcr Sie zu erzielen.<br\/><br\/>Ich kommuniziere klar und erkl\u00e4re alles so detailliert, wie Sie es ben\u00f6tigen. Und ich gebe nicht auf, bevor alles richtig funktioniert.<br\/><br\/>Ein hohes Serviceniveau hat f\u00fcr mich oberste Priorit\u00e4t. Viele meiner Kunden bleiben f\u00fcr Wartung oder zuk\u00fcnftige Weiterentwicklungen bei mir. Eine lange Liste an Google-Bewertungen belegt das.<\/p><\/div><\/div><\/div>\n\n\n\n<div class=\"wp-block-buttons is-layout-flex wp-block-buttons-is-layout-flex\">\n<div class=\"wp-block-button is-style-fill\"><a class=\"wp-block-button__link wp-element-button\" href=\"https:\/\/wpmlexpert.com\/de\/kontakt-boris-hoekmeijer\/\">Boris kontaktieren<\/a><\/div>\n\n\n\n<div class=\"wp-block-button is-style-fill\"><a class=\"wp-block-button__link wp-element-button\" href=\"https:\/\/www.linkedin.com\/in\/hoekmeijer\/\" target=\"_blank\" rel=\"noreferrer noopener\">boris auf linkedin<\/a><\/div>\n<\/div>\n\n\n\n<div class=\"wp-block-uagb-advanced-heading uagb-block-d5e512f1\"><\/div>\n\n\n\n<div style=\"height:6rem\" aria-hidden=\"true\" class=\"wp-block-spacer\"><\/div>\n\n\n\n<div class=\"wp-block-uagb-info-box uagb-block-9a175bf5 uagb-infobox__content-wrap  uagb-infobox-icon-above-title uagb-infobox-image-valign-top wp-block-uagb-info-box--has-margin\"><div class=\"uagb-infobox-margin-wrapper\"><div class=\"uagb-ifb-content\"><div class=\"uagb-ifb-title-wrap\"><span class=\"uagb-ifb-title-prefix\">MEIN PORTFOLIO ANSEHEN<\/span><\/div><p class=\"uagb-ifb-desc\">M\u00f6chten Sie sehen, was ich im Laufe der Jahre entworfen und umgesetzt habe? Werfen Sie einen Blick in mein Portfolio!<\/p><\/div><\/div><\/div>\n\n\n\n<div class=\"wp-block-buttons is-content-justification-left is-layout-flex wp-container-core-buttons-is-layout-fc4fd283 wp-block-buttons-is-layout-flex\">\n<div class=\"wp-block-button\"><a class=\"wp-block-button__link wp-element-button\" href=\"https:\/\/borishoekmeijer.nl\/portfolio\/\" target=\"_blank\" rel=\"noreferrer noopener\"> Portfolio Boris Hoekmeijer<\/a><\/div>\n<\/div>\n<\/div>\n\n\n\n<div class=\"wp-block-uagb-container uagb-block-454f0994\">\n<div class=\"wp-block-uagb-image alignright uagb-block-1b6bb9ad wp-block-uagb-image--layout-default wp-block-uagb-image--effect-static wp-block-uagb-image--align-right\"><figure class=\"wp-block-uagb-image__figure\"><img decoding=\"async\" srcset=\"https:\/\/wpmlexpert.com\/wp-content\/uploads\/2025\/12\/pexels-photo-335393.jpeg ,https:\/\/wpmlexpert.com\/wp-content\/uploads\/2025\/12\/pexels-photo-335393.jpeg 780w, https:\/\/wpmlexpert.com\/wp-content\/uploads\/2025\/12\/pexels-photo-335393.jpeg 360w\" sizes=\"auto, (max-width: 480px) 150px\" src=\"https:\/\/wpmlexpert.com\/wp-content\/uploads\/2025\/12\/pexels-photo-335393.jpeg\" alt=\"Detailed close-up of a globe showcasing parts of Europe and Asia for world exploration concepts.\" class=\"uag-image-77\" width=\"529\" height=\"564\" title=\"\" loading=\"lazy\" role=\"img\"\/><\/figure><\/div><br>\n\n\n\n<div class=\"wp-block-uagb-image aligncenter uagb-block-0add6c8c wp-block-uagb-image--layout-default wp-block-uagb-image--effect-static wp-block-uagb-image--align-center uag-blocks-common-selector\" style=\"--z-index-desktop:1;;--z-index-tablet:undefined;;--z-index-mobile:undefined;\"><figure class=\"wp-block-uagb-image__figure\"><img decoding=\"async\" srcset=\"https:\/\/wpmlexpert.com\/wp-content\/uploads\/2025\/12\/pexels-photo-3935702-1024x682.jpeg ,https:\/\/wpmlexpert.com\/wp-content\/uploads\/2025\/12\/pexels-photo-3935702.jpeg 780w, https:\/\/wpmlexpert.com\/wp-content\/uploads\/2025\/12\/pexels-photo-3935702.jpeg 360w\" sizes=\"auto, (max-width: 480px) 150px\" src=\"https:\/\/wpmlexpert.com\/wp-content\/uploads\/2025\/12\/pexels-photo-3935702-1024x682.jpeg\" alt=\"A woman holds a map while traveling through the scenic desert of California, USA.\" class=\"uag-image-84\" width=\"252\" height=\"252\" title=\"pexels photo 3935702\" loading=\"lazy\" role=\"img\"\/><\/figure><\/div><br>\n<\/div>\n<\/div><\/div>\n\n<div class=\"wp-block-uagb-container uagb-block-7b2ae4e0 alignfull uagb-is-root-container\"><div class=\"uagb-container-inner-blocks-wrap\">\n<div class=\"wp-block-uagb-container uagb-block-2b36acf2\">\n<div class=\"wp-block-uagb-image alignright uagb-block-e782fd24 wp-block-uagb-image--layout-default wp-block-uagb-image--effect-static wp-block-uagb-image--align-right\"><figure class=\"wp-block-uagb-image__figure\"><img decoding=\"async\" srcset=\"https:\/\/wpmlexpert.com\/wp-content\/uploads\/2025\/12\/pexels-photo-8828586-683x1024.jpeg ,https:\/\/wpmlexpert.com\/wp-content\/uploads\/2025\/12\/pexels-photo-8828586.jpeg 780w, https:\/\/wpmlexpert.com\/wp-content\/uploads\/2025\/12\/pexels-photo-8828586.jpeg 360w\" sizes=\"auto, (max-width: 480px) 150px\" src=\"https:\/\/wpmlexpert.com\/wp-content\/uploads\/2025\/12\/pexels-photo-8828586-683x1024.jpeg\" alt=\"A close-up shot of a compass resting on a map of India, symbolizing exploration and travel.\" class=\"uag-image-82\" width=\"520\" height=\"1000\" title=\"pexels photo 8828586\" loading=\"lazy\" role=\"img\"\/><\/figure><\/div><br>\n<\/div>\n\n\n\n<div class=\"wp-block-uagb-container uagb-block-9c729b6d\">\n<div class=\"wp-block-uagb-info-box uagb-block-965a49b3 uagb-infobox__content-wrap  uagb-infobox-icon-above-title uagb-infobox-image-valign-top wp-block-uagb-info-box--has-margin\"><div class=\"uagb-infobox-margin-wrapper\"><div class=\"uagb-ifb-content\"><div class=\"uagb-ifb-title-wrap\"><h3 class=\"uagb-ifb-title-prefix\">Meine Fachgebiete<\/h3><\/div><\/div><\/div><\/div>\n\n\n\n<div class=\"wp-block-uagb-advanced-heading uagb-block-23798266\"><h4 class=\"uagb-heading-text\">Allgemein<\/h4><p class=\"uagb-desc-text\">Wenn ich eine Bestandsaufnahme einer Website mache oder an einer arbeite, sto\u00dfe ich h\u00e4ufig auf suboptimale Konfigurationen in den unten genannten Bereichen. Wenn Sie dazu Feedback w\u00fcnschen, gebe ich es Ihnen gerne.<\/p><\/div>\n\n\n\n<ul class=\"wp-block-list\">\n<li>Performance<\/li>\n\n\n\n<li>Sicherheit<\/li>\n\n\n\n<li>Design<\/li>\n\n\n\n<li>SEO<\/li>\n<\/ul>\n\n\n\n<div class=\"wp-block-uagb-advanced-heading uagb-block-cdca2ad1\"><h4 class=\"uagb-heading-text\">Plugins<\/h4><p class=\"uagb-desc-text\">Ich habe mit hunderten verschiedenen Plugins gearbeitet. Viele davon ben\u00f6tigen kaum Interaktion mit WPML, aber alles, was das Frontend betrifft, schon. Dies sind die h\u00e4ufigsten Plugins, die WPML komplex machen k\u00f6nnen und mit denen ich sehr viel gearbeitet habe:<\/p><\/div>\n\n\n\n<ul class=\"wp-block-list\">\n<li>Advanced Custom Fields (ACF)<\/li>\n\n\n\n<li>WooCommerce<\/li>\n\n\n\n<li>WP All Import\/Export<\/li>\n<\/ul>\n\n\n\n<div class=\"wp-block-uagb-advanced-heading uagb-block-d9e8e1cc\"><h4 class=\"uagb-heading-text\">Page Builder<\/h4><\/div>\n\n\n\n<ul class=\"wp-block-list\">\n<li>Elementor<\/li>\n\n\n\n<li>WP Visual Bakery<\/li>\n\n\n\n<li>UX Blocks<\/li>\n<\/ul>\n\n\n\n<div class=\"wp-block-uagb-advanced-heading uagb-block-3f9ca0a2\"><h4 class=\"uagb-heading-text\">Themes<\/h4><p class=\"uagb-desc-text\">Ich habe mit allen g\u00e4ngigen Themes gearbeitet, wie zum Beispiel:<\/p><\/div>\n\n\n\n<ul class=\"wp-block-list\">\n<li>Astra<\/li>\n\n\n\n<li>Avada<\/li>\n\n\n\n<li>Bridge<\/li>\n\n\n\n<li>Divi<\/li>\n\n\n\n<li>Flatsome<\/li>\n<\/ul>\n\n\n\n<div class=\"wp-block-buttons is-layout-flex wp-block-buttons-is-layout-flex\">\n<div class=\"wp-block-button is-style-fill\"><a class=\"wp-block-button__link wp-element-button\" href=\"https:\/\/wpmlexpert.com\/de\/kontakt-boris-hoekmeijer\/\">Boris kontaktieren<\/a><\/div>\n<\/div>\n<\/div>\n<\/div><\/div>\n\n<div style=\"height:4rem\" aria-hidden=\"true\" class=\"wp-block-spacer\"><\/div>\n\n<div class=\"wp-block-uagb-container uagb-block-594ea4a3 alignfull uagb-is-root-container\"><div class=\"uagb-container-inner-blocks-wrap\">\n<div class=\"wp-block-uagb-info-box uagb-block-a004c0c4 uagb-infobox__content-wrap  uagb-infobox-icon-above-title uagb-infobox-image-valign-top wp-block-uagb-info-box--has-margin\"><div class=\"uagb-infobox-margin-wrapper\"><div class=\"uagb-ifb-content\"><div class=\"uagb-ifb-title-wrap\"><span class=\"uagb-ifb-title-prefix\">Wir k\u00f6nnen alles behaupten<\/span><h2 class=\"uagb-ifb-title\">Aber es ist besser, wenn Sie es direkt von unseren Kunden h\u00f6ren!<\/h2><\/div><\/div><\/div><\/div>\n\n\n\n<div class=\"wp-block-uagb-container reviews uagb-block-97a980c6\">\n<div class=\"wp-block-uagb-container testimonial uagb-block-cc39b277\">\n<div class=\"wp-block-uagb-star-rating uagb-block-c7eda90e\"><div class=\"uag-star-rating\" title=\"5\/5\"><span class=\"uag-star\">\u2605<\/span><span class=\"uag-star\">\u2605<\/span><span class=\"uag-star\">\u2605<\/span><span class=\"uag-star\">\u2605<\/span><span class=\"uag-star\">\u2605<\/span><\/div><\/div><br>\n\n\n\n<div class=\"wp-block-uagb-testimonial uagb-slick-carousel uagb-tm__arrow-outside uagb-block-5009f5b9 uagb-post__carousel_notset uagb-post__carousel_notset-tablet uagb-post__carousel_notset-mobile\"><div class=\"is-carousel uagb-tm__columns-1 uagb-tm__items\"><div class=\"uagb-testimonial__wrap  uagb-tm__imgicon-style-circle uagb-tm__image-position-bottom uagb-tm__bg-type-none \"><div class=\"uagb-tm__content\"><div class=\"uagb-tm__overlay\"><\/div><div class=\"uagb-tm__text-wrap\"><div class=\"uagb-tm__desc\">Ich bin mit der Arbeit und dem Support von Boris Hoekmeijer sehr zufrieden. Da ich kein WordPress-Experte bin, sch\u00e4tze ich sehr, was er f\u00fcr uns leistet. Er antwortet sehr schnell auf meine Fragen und erkl\u00e4rt, wie und warum bestimmte Dinge erledigt werden m\u00fcssen. \ud83d\ude42<\/div><div class=\"uagb-tm__meta-inner\"><div class=\"uagb-testimonial-details\"><span class=\"uagb-tm__author-name\">Janine Fuchs<\/span><span class=\"uagb-tm__company\">MUSK COLLECTION, SCHWEIZ<\/span><\/div><\/div><\/div><\/div><\/div><\/div><\/div>\n<\/div>\n\n\n\n<div class=\"wp-block-uagb-container uagb-block-803378fe\">\n<div class=\"wp-block-uagb-star-rating uagb-block-7789cf8c\"><div class=\"uag-star-rating\" title=\"5\/5\"><span class=\"uag-star\">\u2605<\/span><span class=\"uag-star\">\u2605<\/span><span class=\"uag-star\">\u2605<\/span><span class=\"uag-star\">\u2605<\/span><span class=\"uag-star\">\u2605<\/span><\/div><\/div><br>\n\n\n\n<div class=\"wp-block-uagb-testimonial uagb-slick-carousel uagb-tm__arrow-outside uagb-block-35cd3aef uagb-post__carousel_notset uagb-post__carousel_notset-tablet uagb-post__carousel_notset-mobile\"><div class=\"is-carousel uagb-tm__columns-1 uagb-tm__items\"><div class=\"uagb-testimonial__wrap  uagb-tm__imgicon-style-circle uagb-tm__image-position-bottom uagb-tm__bg-type-none \"><div class=\"uagb-tm__content\"><div class=\"uagb-tm__overlay\"><\/div><div class=\"uagb-tm__text-wrap\"><div class=\"uagb-tm__desc\">Wir haben schon viel zu viele WordPress-Experten ausprobiert, nur um sp\u00e4ter festzustellen, dass sie WordPress mit PHP und jeder Menge Code \u201ezusammengehackt\u201c haben, um Dinge irgendwie zum Laufen zu bringen. Boris macht es richtig \u2013 und seine Fachkenntnisse, Geduld und Erfahrung mit WordPress, WPML sowie den vielen g\u00e4ngigen Plugins und Erweiterungen waren f\u00fcr uns die beste Erfahrung \u00fcberhaupt, um die Entwicklung unserer mehrsprachigen Website wieder auf Kurs zu bringen. Vielen Dank!<\/div><div class=\"uagb-tm__meta-inner\"><div class=\"uagb-testimonial-details\"><span class=\"uagb-tm__author-name\">Telmo Silva<\/span><span class=\"uagb-tm__company\">clicdata, frankreich<\/span><\/div><\/div><\/div><\/div><\/div><\/div><\/div>\n<\/div>\n\n\n\n<div class=\"wp-block-uagb-container uagb-block-af1aa8c6\">\n<div class=\"wp-block-uagb-star-rating uagb-block-302899a7\"><div class=\"uag-star-rating\" title=\"5\/5\"><span class=\"uag-star\">\u2605<\/span><span class=\"uag-star\">\u2605<\/span><span class=\"uag-star\">\u2605<\/span><span class=\"uag-star\">\u2605<\/span><span class=\"uag-star\">\u2605<\/span><\/div><\/div><br>\n\n\n\n<div class=\"wp-block-uagb-testimonial uagb-slick-carousel uagb-tm__arrow-outside uagb-block-0b29d2f6 uagb-post__carousel_notset uagb-post__carousel_notset-tablet uagb-post__carousel_notset-mobile\"><div class=\"is-carousel uagb-tm__columns-1 uagb-tm__items\"><div class=\"uagb-testimonial__wrap  uagb-tm__imgicon-style-circle uagb-tm__image-position-bottom uagb-tm__bg-type-none \"><div class=\"uagb-tm__content\"><div class=\"uagb-tm__overlay\"><\/div><div class=\"uagb-tm__text-wrap\"><div class=\"uagb-tm__desc\">So zuverl\u00e4ssig und sehr reaktionsschnell \u2013 vielen Dank, Boris, f\u00fcr Ihre wertvolle Unterst\u00fctzung!!!<\/div><div class=\"uagb-tm__meta-inner\"><div class=\"uagb-testimonial-details\"><span class=\"uagb-tm__author-name\">Catherine Lecomte<\/span><span class=\"uagb-tm__company\">BELGIEN<\/span><\/div><\/div><\/div><\/div><\/div><\/div><\/div>\n<\/div>\n<\/div>\n<\/div><\/div>\n","protected":false},"excerpt":{"rendered":"<p>WP- &amp; WPML-Spezialist seit 2010 Allgemein Wenn ich eine Bestandsaufnahme einer Website mache oder an einer arbeite, sto\u00dfe ich h\u00e4ufig [&hellip;]<\/p>\n","protected":false},"author":4,"featured_media":0,"parent":0,"menu_order":31,"comment_status":"closed","ping_status":"closed","template":"","meta":{"_seopress_robots_primary_cat":"","_seopress_titles_title":"","_seopress_titles_desc":"Hallo, ich bin Boris Hoekmeijer und verf\u00fcge \u00fcber mehr als 15 Jahre Erfahrung mit WordPress und WPML. Kontaktieren Sie mich, um Ihre Website reparieren, gestalten oder erstellen zu lassen. Senden Sie das Formular ab oder rufen Sie mich an.","_seopress_robots_index":"","_uag_custom_page_level_css":"","site-sidebar-layout":"no-sidebar","site-content-layout":"","ast-site-content-layout":"normal-width-container","site-content-style":"default","site-sidebar-style":"default","ast-global-header-display":"","ast-banner-title-visibility":"","ast-main-header-display":"","ast-hfb-above-header-display":"","ast-hfb-below-header-display":"","ast-hfb-mobile-header-display":"","site-post-title":"disabled","ast-breadcrumbs-content":"","ast-featured-img":"","footer-sml-layout":"","ast-disable-related-posts":"","theme-transparent-header-meta":"enabled","adv-header-id-meta":"","stick-header-meta":"","header-above-stick-meta":"","header-main-stick-meta":"","header-below-stick-meta":"","astra-migrate-meta-layouts":"default","ast-page-background-enabled":"default","ast-page-background-meta":{"desktop":{"background-color":"var(--ast-global-color-4)","background-image":"","background-repeat":"repeat","background-position":"center center","background-size":"auto","background-attachment":"scroll","background-type":"","background-media":"","overlay-type":"","overlay-color":"","overlay-opacity":"","overlay-gradient":""},"tablet":{"background-color":"","background-image":"","background-repeat":"repeat","background-position":"center center","background-size":"auto","background-attachment":"scroll","background-type":"","background-media":"","overlay-type":"","overlay-color":"","overlay-opacity":"","overlay-gradient":""},"mobile":{"background-color":"","background-image":"","background-repeat":"repeat","background-position":"center center","background-size":"auto","background-attachment":"scroll","background-type":"","background-media":"","overlay-type":"","overlay-color":"","overlay-opacity":"","overlay-gradient":""}},"ast-content-background-meta":{"desktop":{"background-color":"var(--ast-global-color-5)","background-image":"","background-repeat":"repeat","background-position":"center center","background-size":"auto","background-attachment":"scroll","background-type":"","background-media":"","overlay-type":"","overlay-color":"","overlay-opacity":"","overlay-gradient":""},"tablet":{"background-color":"var(--ast-global-color-5)","background-image":"","background-repeat":"repeat","background-position":"center center","background-size":"auto","background-attachment":"scroll","background-type":"","background-media":"","overlay-type":"","overlay-color":"","overlay-opacity":"","overlay-gradient":""},"mobile":{"background-color":"var(--ast-global-color-5)","background-image":"","background-repeat":"repeat","background-position":"center center","background-size":"auto","background-attachment":"scroll","background-type":"","background-media":"","overlay-type":"","overlay-color":"","overlay-opacity":"","overlay-gradient":""}},"footnotes":""},"class_list":["post-2822","page","type-page","status-publish","hentry"],"uagb_featured_image_src":{"full":false,"thumbnail":false,"medium":false,"medium_large":false,"large":false,"1536x1536":false,"2048x2048":false,"gform-image-choice-sm":false,"gform-image-choice-md":false,"gform-image-choice-lg":false},"uagb_author_info":{"display_name":"Boris Hoekmeijer","author_link":"https:\/\/wpmlexpert.com\/de\/author\/admbo_xp3rtwpml-45hg78xc3\/"},"uagb_comment_info":0,"uagb_excerpt":"WP- &amp; WPML-Spezialist seit 2010 Allgemein Wenn ich eine Bestandsaufnahme einer Website mache oder an einer arbeite, sto\u00dfe ich h\u00e4ufig [&hellip;]","_links":{"self":[{"href":"https:\/\/wpmlexpert.com\/de\/wp-json\/wp\/v2\/pages\/2822","targetHints":{"allow":["GET"]}}],"collection":[{"href":"https:\/\/wpmlexpert.com\/de\/wp-json\/wp\/v2\/pages"}],"about":[{"href":"https:\/\/wpmlexpert.com\/de\/wp-json\/wp\/v2\/types\/page"}],"author":[{"embeddable":true,"href":"https:\/\/wpmlexpert.com\/de\/wp-json\/wp\/v2\/users\/4"}],"replies":[{"embeddable":true,"href":"https:\/\/wpmlexpert.com\/de\/wp-json\/wp\/v2\/comments?post=2822"}],"version-history":[{"count":7,"href":"https:\/\/wpmlexpert.com\/de\/wp-json\/wp\/v2\/pages\/2822\/revisions"}],"predecessor-version":[{"id":2898,"href":"https:\/\/wpmlexpert.com\/de\/wp-json\/wp\/v2\/pages\/2822\/revisions\/2898"}],"wp:attachment":[{"href":"https:\/\/wpmlexpert.com\/de\/wp-json\/wp\/v2\/media?parent=2822"}],"curies":[{"name":"wp","href":"https:\/\/api.w.org\/{rel}","templated":true}]}}