{"id":2818,"date":"2025-12-23T13:00:34","date_gmt":"2025-12-23T12:00:34","guid":{"rendered":"https:\/\/wpmlexpert.com\/notfall-wpml-support\/"},"modified":"2026-01-30T10:12:14","modified_gmt":"2026-01-30T09:12:14","slug":"notfall-wpml-support","status":"publish","type":"page","link":"https:\/\/wpmlexpert.com\/de\/notfall-wpml-support\/","title":{"rendered":"Notfall WPML-Support"},"content":{"rendered":"\n<div class=\"wp-block-uagb-container banner uagb-block-6e6795cc alignfull uagb-is-root-container\"><div class=\"uagb-container-inner-blocks-wrap\">\n<div class=\"wp-block-uagb-info-box uagb-block-2b3d8aef uagb-infobox__content-wrap  uagb-infobox-icon-above-title uagb-infobox-image-valign-top\"><div class=\"uagb-ifb-content\"><div class=\"uagb-ifb-title-wrap\"><span class=\"uagb-ifb-title-prefix\">Ihre WPML-Spezialisten sind f\u00fcr Sie da<\/span><h1 class=\"uagb-ifb-title\">Ist Ihre WPML-Website ausgefallen oder sind die \u00dcbersetzungen fehlerhaft? WPML Expert hilft Ihnen schnell!<\/h1><\/div><\/div><\/div>\n<\/div><\/div>\n\n<div class=\"wp-block-uagb-container uagb-block-c4e157a0 alignfull uagb-is-root-container\"><div class=\"uagb-container-inner-blocks-wrap\">\n<div class=\"wp-block-uagb-container uagb-block-7b2ae4e0 alignfull uagb-is-root-container\"><div class=\"uagb-container-inner-blocks-wrap\">\n<div class=\"wp-block-uagb-container uagb-block-9c729b6d\">\n<div style=\"height:4rem\" aria-hidden=\"true\" class=\"wp-block-spacer\"><\/div>\n\n\n\n<div class=\"wp-block-uagb-info-box uagb-block-965a49b3 uagb-infobox__content-wrap  uagb-infobox-icon-above-title uagb-infobox-image-valign-top wp-block-uagb-info-box--has-margin\"><div class=\"uagb-infobox-margin-wrapper\"><div class=\"uagb-ifb-content\"><div class=\"uagb-ifb-title-wrap\"><span class=\"uagb-ifb-title-prefix\">Probleme mit WPML?<\/span><h2 class=\"uagb-ifb-title\">Notfall-Support f\u00fcr WPML und WordPress<\/h2><\/div><p class=\"uagb-ifb-desc\">Ist Ihre Website ausgefallen? Wurde sie gehackt? Sind Ihre \u00dcbersetzungen durcheinandergeraten? Wir stehen f\u00fcr WordPress- und WPML-Notfall-Support bereit, um Ihnen zu helfen.<br\/><br\/><br\/>F\u00fcllen Sie einfach das Formular aus, und wir melden uns schnell bei Ihnen!<br\/><br\/><br\/>In der Zwischenzeit k\u00f6nnen Sie Zeit sparen, indem Sie Folgendes vorbereiten:<br\/><br\/><br\/><br\/>1. Informationen dar\u00fcber, was schiefgeht, und alles, was Sie wissen und damit zusammenh\u00e4ngen k\u00f6nnte.<br\/><br\/><br\/>2. Administrator-Zugriff auf die Website.<br\/><br\/><br\/>3. Sehr wahrscheinlich auch FTP-Zugang. Falls Sie nicht wissen, wie Sie ein FTP-Konto erstellen, kann Ihnen Ihr Hosting-Anbieter dabei helfen. Keine Ahnung, wie das geht, oder keine Zeit? Das \u00fcbernehmen wir gerne f\u00fcr Sie.<\/p><\/div><\/div><\/div>\n<\/div>\n\n\n\n<div class=\"wp-block-uagb-container uagb-block-2b36acf2\">\n<div class=\"wp-block-uagb-image alignleft uagb-block-e782fd24 wp-block-uagb-image--layout-default wp-block-uagb-image--effect-static wp-block-uagb-image--align-left\"><figure class=\"wp-block-uagb-image__figure\"><img decoding=\"async\" srcset=\"https:\/\/wpmlexpert.com\/wp-content\/uploads\/2025\/12\/pexels-photo-3935702-1024x682.jpeg ,https:\/\/wpmlexpert.com\/wp-content\/uploads\/2025\/12\/pexels-photo-3935702.jpeg 780w, https:\/\/wpmlexpert.com\/wp-content\/uploads\/2025\/12\/pexels-photo-3935702.jpeg 360w\" sizes=\"auto, (max-width: 480px) 150px\" src=\"https:\/\/wpmlexpert.com\/wp-content\/uploads\/2025\/12\/pexels-photo-3935702-1024x682.jpeg\" alt=\"A woman holds a map while traveling through the scenic desert of California, USA.\" class=\"uag-image-84\" width=\"550\" height=\"564\" title=\"pexels photo 3935702\" loading=\"lazy\" role=\"img\"\/><\/figure><\/div><br>\n<\/div>\n<\/div><\/div>\n\n\n\n<div class=\"wp-block-uagb-container uagb-block-65240cb9\">\n<div class=\"wp-block-uagb-container uagb-block-ca86322d\">\n<div class=\"wp-block-uagb-info-box uagb-block-360c83f5 uagb-infobox__content-wrap  uagb-infobox-icon-above-title uagb-infobox-image-valign-top wp-block-uagb-info-box--has-margin\"><div class=\"uagb-infobox-margin-wrapper\"><div class=\"uagb-ifb-content\"><div class=\"uagb-ifb-title-wrap\"><span class=\"uagb-ifb-title-prefix\">Ihr eigener WPML-Experte vor Ort<\/span><h2 class=\"uagb-ifb-title\">Lokaler Unterst\u00fctzung<\/h2><\/div><p class=\"uagb-ifb-desc\">Wenn Sie m\u00f6chten, kann WPML Expert zu Ihnen ins B\u00fcro kommen und direkt mit Ihrem Team zusammenarbeiten. Diese pers\u00f6nliche Betreuung stellt sicher, dass wir Ihre Anforderungen vollst\u00e4ndig verstehen und eventuelle Anliegen direkt kl\u00e4ren k\u00f6nnen.<\/p><\/div><\/div><\/div>\n<\/div>\n\n\n\n<div class=\"wp-block-uagb-container uagb-block-a42989c3\">\n<div class=\"wp-block-uagb-image alignleft uagb-block-2a6bfcea wp-block-uagb-image--layout-default wp-block-uagb-image--effect-static wp-block-uagb-image--align-left\"><figure class=\"wp-block-uagb-image__figure\"><img decoding=\"async\" srcset=\"https:\/\/wpmlexpert.com\/wp-content\/uploads\/2025\/12\/working-on-site-for-wpml-support-wpml-experrt.jpg ,https:\/\/wpmlexpert.com\/wp-content\/uploads\/2025\/12\/working-on-site-for-wpml-support-wpml-experrt.jpg 780w, https:\/\/wpmlexpert.com\/wp-content\/uploads\/2025\/12\/working-on-site-for-wpml-support-wpml-experrt.jpg 360w\" sizes=\"auto, (max-width: 480px) 150px\" src=\"https:\/\/wpmlexpert.com\/wp-content\/uploads\/2025\/12\/working-on-site-for-wpml-support-wpml-experrt.jpg\" alt=\"working on site for wpml support wpml experrt\" class=\"uag-image-2252\" width=\"550\" height=\"564\" title=\"working on site for wpml support wpml experrt\" loading=\"lazy\" role=\"img\"\/><\/figure><\/div><br>\n<\/div>\n<\/div>\n<\/div><\/div>\n\n<div class=\"wp-block-uagb-container uagb-block-01233b1d alignfull uagb-is-root-container\"><div class=\"uagb-container-inner-blocks-wrap\">\n<div class=\"wp-block-uagb-info-box uagb-block-d6296cb9 uagb-infobox__content-wrap  uagb-infobox-icon-above-title uagb-infobox-image-valign-top\"><div class=\"uagb-ifb-content\"><div class=\"uagb-ifb-title-wrap\"><span class=\"uagb-ifb-title-prefix\">Lassen Sie uns Zusammenarbeiten<\/span><h2 class=\"uagb-ifb-title\">Kontaktieren Sie uns noch heute \u2013 und bringen Sie Ihre WPML-Website zum Laufen!<\/h2><\/div><\/div><\/div>\n\n\n\n<div class=\"wp-block-uagb-buttons uagb-buttons__outer-wrap uagb-btn__default-btn uagb-btn-tablet__default-btn uagb-btn-mobile__default-btn uagb-block-0e23ee78\"><div class=\"uagb-buttons__wrap uagb-buttons-layout-wrap \">\n<div class=\"wp-block-uagb-buttons-child uagb-buttons__outer-wrap uagb-block-6cb20356 wp-block-button\"><div class=\"uagb-button__wrapper\"><a class=\"uagb-buttons-repeater ast-outline-button\" aria-label=\"\" style=\"border-width:revert-layer\" href=\"https:\/\/wpmlexpert.com\/de\/kontakt-aufnemen-mit-wpml-expert\/\" rel=\"follow noopener\" target=\"_self\" role=\"button\"><div class=\"uagb-button__link\">Los Geht&#8217;s<\/div><\/a><\/div><\/div>\n<\/div><\/div>\n<\/div><\/div>\n","protected":false},"excerpt":{"rendered":"","protected":false},"author":4,"featured_media":0,"parent":0,"menu_order":27,"comment_status":"closed","ping_status":"closed","template":"","meta":{"_seopress_robots_primary_cat":"","_seopress_titles_title":"","_seopress_titles_desc":"Ist Ihre WPML-Website ausgefallen? Spielen die \u00dcbersetzungen verr\u00fcckt? Wird das Glossar nicht ber\u00fccksichtigt? Wir wissen, was zu tun ist. Lassen Sie sich von uns helfen. Wir reagieren schnell und arbeiten z\u00fcgig und flexibel.","_seopress_robots_index":"","_uag_custom_page_level_css":"","site-sidebar-layout":"no-sidebar","site-content-layout":"","ast-site-content-layout":"normal-width-container","site-content-style":"default","site-sidebar-style":"default","ast-global-header-display":"","ast-banner-title-visibility":"","ast-main-header-display":"","ast-hfb-above-header-display":"","ast-hfb-below-header-display":"","ast-hfb-mobile-header-display":"","site-post-title":"disabled","ast-breadcrumbs-content":"","ast-featured-img":"","footer-sml-layout":"","ast-disable-related-posts":"","theme-transparent-header-meta":"enabled","adv-header-id-meta":"","stick-header-meta":"","header-above-stick-meta":"","header-main-stick-meta":"","header-below-stick-meta":"","astra-migrate-meta-layouts":"default","ast-page-background-enabled":"default","ast-page-background-meta":{"desktop":{"background-color":"var(--ast-global-color-4)","background-image":"","background-repeat":"repeat","background-position":"center center","background-size":"auto","background-attachment":"scroll","background-type":"","background-media":"","overlay-type":"","overlay-color":"","overlay-opacity":"","overlay-gradient":""},"tablet":{"background-color":"","background-image":"","background-repeat":"repeat","background-position":"center center","background-size":"auto","background-attachment":"scroll","background-type":"","background-media":"","overlay-type":"","overlay-color":"","overlay-opacity":"","overlay-gradient":""},"mobile":{"background-color":"","background-image":"","background-repeat":"repeat","background-position":"center center","background-size":"auto","background-attachment":"scroll","background-type":"","background-media":"","overlay-type":"","overlay-color":"","overlay-opacity":"","overlay-gradient":""}},"ast-content-background-meta":{"desktop":{"background-color":"var(--ast-global-color-5)","background-image":"","background-repeat":"repeat","background-position":"center center","background-size":"auto","background-attachment":"scroll","background-type":"","background-media":"","overlay-type":"","overlay-color":"","overlay-opacity":"","overlay-gradient":""},"tablet":{"background-color":"var(--ast-global-color-5)","background-image":"","background-repeat":"repeat","background-position":"center center","background-size":"auto","background-attachment":"scroll","background-type":"","background-media":"","overlay-type":"","overlay-color":"","overlay-opacity":"","overlay-gradient":""},"mobile":{"background-color":"var(--ast-global-color-5)","background-image":"","background-repeat":"repeat","background-position":"center center","background-size":"auto","background-attachment":"scroll","background-type":"","background-media":"","overlay-type":"","overlay-color":"","overlay-opacity":"","overlay-gradient":""}},"footnotes":""},"class_list":["post-2818","page","type-page","status-publish","hentry"],"uagb_featured_image_src":{"full":false,"thumbnail":false,"medium":false,"medium_large":false,"large":false,"1536x1536":false,"2048x2048":false,"gform-image-choice-sm":false,"gform-image-choice-md":false,"gform-image-choice-lg":false},"uagb_author_info":{"display_name":"Boris Hoekmeijer","author_link":"https:\/\/wpmlexpert.com\/de\/author\/admbo_xp3rtwpml-45hg78xc3\/"},"uagb_comment_info":0,"uagb_excerpt":null,"_links":{"self":[{"href":"https:\/\/wpmlexpert.com\/de\/wp-json\/wp\/v2\/pages\/2818","targetHints":{"allow":["GET"]}}],"collection":[{"href":"https:\/\/wpmlexpert.com\/de\/wp-json\/wp\/v2\/pages"}],"about":[{"href":"https:\/\/wpmlexpert.com\/de\/wp-json\/wp\/v2\/types\/page"}],"author":[{"embeddable":true,"href":"https:\/\/wpmlexpert.com\/de\/wp-json\/wp\/v2\/users\/4"}],"replies":[{"embeddable":true,"href":"https:\/\/wpmlexpert.com\/de\/wp-json\/wp\/v2\/comments?post=2818"}],"version-history":[{"count":1,"href":"https:\/\/wpmlexpert.com\/de\/wp-json\/wp\/v2\/pages\/2818\/revisions"}],"predecessor-version":[{"id":2820,"href":"https:\/\/wpmlexpert.com\/de\/wp-json\/wp\/v2\/pages\/2818\/revisions\/2820"}],"wp:attachment":[{"href":"https:\/\/wpmlexpert.com\/de\/wp-json\/wp\/v2\/media?parent=2818"}],"curies":[{"name":"wp","href":"https:\/\/api.w.org\/{rel}","templated":true}]}}