{"id":2815,"date":"2025-12-22T16:57:49","date_gmt":"2025-12-22T15:57:49","guid":{"rendered":"https:\/\/wpmlexpert.com\/ihre-wpml-website-individuell-anpassen\/"},"modified":"2026-01-30T10:08:27","modified_gmt":"2026-01-30T09:08:27","slug":"ihre-wpml-website-individuell-anpassen","status":"publish","type":"page","link":"https:\/\/wpmlexpert.com\/de\/ihre-wpml-website-individuell-anpassen\/","title":{"rendered":"Ihre WPML-Website individuell anpassen"},"content":{"rendered":"\n<div class=\"wp-block-uagb-container banner uagb-block-6e6795cc alignfull uagb-is-root-container\"><div class=\"uagb-container-inner-blocks-wrap\">\n<div class=\"wp-block-uagb-info-box uagb-block-2b3d8aef uagb-infobox__content-wrap  uagb-infobox-icon-above-title uagb-infobox-image-valign-top\"><div class=\"uagb-ifb-content\"><div class=\"uagb-ifb-title-wrap\"><span class=\"uagb-ifb-title-prefix\">Ihre Lokalisierungsspezialisten<\/span><h1 class=\"uagb-ifb-title\">Ein WPML-Experte kann Ihre Website f\u00fcr Sie individuell anpassen<\/h1><\/div><\/div><\/div>\n<\/div><\/div>\n\n<div class=\"wp-block-uagb-container uagb-block-c4e157a0 alignfull uagb-is-root-container\"><div class=\"uagb-container-inner-blocks-wrap\">\n<div class=\"wp-block-uagb-container uagb-block-7b2ae4e0 alignfull uagb-is-root-container\"><div class=\"uagb-container-inner-blocks-wrap\">\n<div class=\"wp-block-uagb-container uagb-block-9c729b6d\">\n<div style=\"height:4rem\" aria-hidden=\"true\" class=\"wp-block-spacer\"><\/div>\n\n\n\n<div class=\"wp-block-uagb-info-box uagb-block-965a49b3 uagb-infobox__content-wrap  uagb-infobox-icon-above-title uagb-infobox-image-valign-top wp-block-uagb-info-box--has-margin\"><div class=\"uagb-infobox-margin-wrapper\"><div class=\"uagb-ifb-content\"><div class=\"uagb-ifb-title-wrap\"><span class=\"uagb-ifb-title-prefix\">Eine ma\u00dfgeschneiderte WordPress-Website mit WPML?<\/span><h2 class=\"uagb-ifb-title\">WPML individuell ma\u00dfgeschneidert anpassen<\/h2><\/div><p class=\"uagb-ifb-desc\">Wenn Sie zus\u00e4tzliche Funktionen f\u00fcr Ihre WordPress-\/WPML-Website ben\u00f6tigen, sind die WPML-Experten f\u00fcr Sie da.<br\/><br\/><br\/>M\u00f6chten Sie individuelle Content-Bl\u00f6cke auf Ihren Seiten platzieren? Eine einfache M\u00f6glichkeit schaffen, damit Ihre Content-Manager Teammitglieder hinzuf\u00fcgen k\u00f6nnen? Ihre Website \u00fcber eine API mit Ihrer Backoffice-Software verbinden?<br\/><br\/><br\/>WPML Expert \u00fcbernimmt das gerne f\u00fcr Sie!<\/p><\/div><\/div><\/div>\n<\/div>\n\n\n\n<div class=\"wp-block-uagb-container uagb-block-2b36acf2\">\n<div class=\"wp-block-uagb-image alignleft uagb-block-e782fd24 wp-block-uagb-image--layout-default wp-block-uagb-image--effect-static wp-block-uagb-image--align-left\"><figure class=\"wp-block-uagb-image__figure\"><img decoding=\"async\" srcset=\"https:\/\/wpmlexpert.com\/wp-content\/uploads\/2025\/12\/pexels-photo-3671649-1024x682.jpeg ,https:\/\/wpmlexpert.com\/wp-content\/uploads\/2025\/12\/pexels-photo-3671649.jpeg 780w, https:\/\/wpmlexpert.com\/wp-content\/uploads\/2025\/12\/pexels-photo-3671649.jpeg 360w\" sizes=\"auto, (max-width: 480px) 150px\" src=\"https:\/\/wpmlexpert.com\/wp-content\/uploads\/2025\/12\/pexels-photo-3671649-1024x682.jpeg\" alt=\"Close-up of a vintage globe focusing on Canada and the USA with a warm tone.\" class=\"uag-image-81\" width=\"550\" height=\"564\" title=\"pexels photo 3671649\" loading=\"lazy\" role=\"img\"\/><\/figure><\/div><br>\n<\/div>\n<\/div><\/div>\n\n\n\n<div class=\"wp-block-uagb-container uagb-block-bc484325\">\n<div class=\"wp-block-uagb-container uagb-block-12ad88c7\">\n<div class=\"wp-block-uagb-info-box uagb-block-770ab822 uagb-infobox__content-wrap  uagb-infobox-icon-above-title uagb-infobox-image-valign-top wp-block-uagb-info-box--has-margin\"><div class=\"uagb-infobox-margin-wrapper\"><div class=\"uagb-ifb-content\"><div class=\"uagb-ifb-title-wrap\"><span class=\"uagb-ifb-title-prefix\">Kommunikation ist der Schl\u00fcssel<\/span><h2 class=\"uagb-ifb-title\">Erwartete Ergebnisse<\/h2><\/div><p class=\"uagb-ifb-desc\">Wie bei jedem (IT-)Projekt k\u00f6nnen Erwartung und Ergebnis weit auseinanderliegen \u2013 was zu Entt\u00e4uschung und Frustration f\u00fchrt.<br\/><br\/><br\/>Nicht bei WPML Expert! Wir wissen sehr genau, dass Kommunikation hier entscheidend ist. Deshalb nehmen wir uns die Zeit, um Ihr gew\u00fcnschtes Endergebnis wirklich zu verstehen, und stellen unterwegs die richtigen Fragen.<br\/><br\/><br\/>Au\u00dferdem sorgen wir daf\u00fcr, dass Sie den Fortschritt selbst mitverfolgen k\u00f6nnen! So k\u00f6nnen Sie sich mit eigenen Augen \u00fcberzeugen \u2013 und m\u00fcssen sich nicht nur auf unser Wort verlassen.<\/p><\/div><\/div><\/div>\n<\/div>\n\n\n\n<div class=\"wp-block-uagb-container uagb-block-4b07f275\">\n<div class=\"wp-block-uagb-image alignleft uagb-block-4af530da wp-block-uagb-image--layout-default wp-block-uagb-image--effect-static wp-block-uagb-image--align-left\"><figure class=\"wp-block-uagb-image__figure\"><img decoding=\"async\" srcset=\"https:\/\/wpmlexpert.com\/wp-content\/uploads\/2025\/12\/globe-asia-middle-east-wpml-expert-683x1024.jpg ,https:\/\/wpmlexpert.com\/wp-content\/uploads\/2025\/12\/globe-asia-middle-east-wpml-expert.jpg 780w, https:\/\/wpmlexpert.com\/wp-content\/uploads\/2025\/12\/globe-asia-middle-east-wpml-expert.jpg 360w\" sizes=\"auto, (max-width: 480px) 150px\" src=\"https:\/\/wpmlexpert.com\/wp-content\/uploads\/2025\/12\/globe-asia-middle-east-wpml-expert-683x1024.jpg\" alt=\"globe asia middle east wpml expert\" class=\"uag-image-2177\" width=\"550\" height=\"564\" title=\"globe asia middle east wpml expert\" loading=\"lazy\" role=\"img\"\/><\/figure><\/div><br>\n<\/div>\n<\/div>\n\n\n\n<div class=\"wp-block-uagb-container uagb-block-65240cb9\">\n<div class=\"wp-block-uagb-container uagb-block-a42989c3\">\n<div class=\"wp-block-uagb-image alignleft uagb-block-2a6bfcea wp-block-uagb-image--layout-default wp-block-uagb-image--effect-static wp-block-uagb-image--align-left\"><figure class=\"wp-block-uagb-image__figure\"><img decoding=\"async\" srcset=\"https:\/\/wpmlexpert.com\/wp-content\/uploads\/2025\/12\/working-on-site-for-wpml-support-wpml-experrt.jpg ,https:\/\/wpmlexpert.com\/wp-content\/uploads\/2025\/12\/working-on-site-for-wpml-support-wpml-experrt.jpg 780w, https:\/\/wpmlexpert.com\/wp-content\/uploads\/2025\/12\/working-on-site-for-wpml-support-wpml-experrt.jpg 360w\" sizes=\"auto, (max-width: 480px) 150px\" src=\"https:\/\/wpmlexpert.com\/wp-content\/uploads\/2025\/12\/working-on-site-for-wpml-support-wpml-experrt.jpg\" alt=\"working on site for wpml support wpml experrt\" class=\"uag-image-2252\" width=\"550\" height=\"564\" title=\"working on site for wpml support wpml experrt\" loading=\"lazy\" role=\"img\"\/><\/figure><\/div><br>\n<\/div>\n\n\n\n<div class=\"wp-block-uagb-container uagb-block-ca86322d\">\n<div class=\"wp-block-uagb-info-box uagb-block-360c83f5 uagb-infobox__content-wrap  uagb-infobox-icon-above-title uagb-infobox-image-valign-top wp-block-uagb-info-box--has-margin\"><div class=\"uagb-infobox-margin-wrapper\"><div class=\"uagb-ifb-content\"><div class=\"uagb-ifb-title-wrap\"><span class=\"uagb-ifb-title-prefix\">M\u00f6chten Sie einen WPML-Experten vor Ort dabei haben?<\/span><h2 class=\"uagb-ifb-title\">Vor-Ort-Support<\/h2><\/div><p class=\"uagb-ifb-desc\">Wenn Sie m\u00f6chten, bietet WPML Expert Vor-Ort-Support an, um direkt mit <br\/>Ihrem Team zusammenzuarbeiten. Diese pers\u00f6nliche Betreuung stellt sicher, dass wir Ihre <br\/>Anforderungen vollst\u00e4ndig verstehen und eventuelle Anliegen in Echtzeit kl\u00e4ren k\u00f6nnen.<\/p><\/div><\/div><\/div>\n<\/div>\n<\/div>\n<\/div><\/div>\n\n<div class=\"wp-block-uagb-container uagb-block-01233b1d alignfull uagb-is-root-container\"><div class=\"uagb-container-inner-blocks-wrap\">\n<div class=\"wp-block-uagb-info-box uagb-block-d6296cb9 uagb-infobox__content-wrap  uagb-infobox-icon-above-title uagb-infobox-image-valign-top\"><div class=\"uagb-ifb-content\"><div class=\"uagb-ifb-title-wrap\"><span class=\"uagb-ifb-title-prefix\">Lassen Sie uns Zusammenarbeiten<\/span><h2 class=\"uagb-ifb-title\">Kontaktieren Sie uns noch heute \u2013 und bringen Sie Ihre WPML-Website zum Laufen!<\/h2><\/div><\/div><\/div>\n\n\n\n<div class=\"wp-block-uagb-buttons uagb-buttons__outer-wrap uagb-btn__default-btn uagb-btn-tablet__default-btn uagb-btn-mobile__default-btn uagb-block-0e23ee78\"><div class=\"uagb-buttons__wrap uagb-buttons-layout-wrap \">\n<div class=\"wp-block-uagb-buttons-child uagb-buttons__outer-wrap uagb-block-6cb20356 wp-block-button\"><div class=\"uagb-button__wrapper\"><a class=\"uagb-buttons-repeater ast-outline-button\" aria-label=\"\" style=\"border-width:revert-layer\" href=\"https:\/\/wpmlexpert.com\/de\/kontakt-aufnemen-mit-wpml-expert\/\" rel=\"follow noopener\" target=\"_self\" role=\"button\"><div class=\"uagb-button__link\">Los Geht&#8217;s<\/div><\/a><\/div><\/div>\n<\/div><\/div>\n<\/div><\/div>\n","protected":false},"excerpt":{"rendered":"","protected":false},"author":4,"featured_media":0,"parent":0,"menu_order":25,"comment_status":"closed","ping_status":"closed","template":"","meta":{"_seopress_robots_primary_cat":"","_seopress_titles_title":"","_seopress_titles_desc":"Suchen Sie einen Spezialisten, der Ihre WPML- oder WordPress-Website individuell anpassen kann? Dabei helfen wir Ihnen sehr gerne! Nehmen Sie Kontakt mit uns auf, damit Sie uns erkl\u00e4ren k\u00f6nnen, was Sie ben\u00f6tigen.","_seopress_robots_index":"","_uag_custom_page_level_css":"","site-sidebar-layout":"no-sidebar","site-content-layout":"","ast-site-content-layout":"normal-width-container","site-content-style":"default","site-sidebar-style":"default","ast-global-header-display":"","ast-banner-title-visibility":"","ast-main-header-display":"","ast-hfb-above-header-display":"","ast-hfb-below-header-display":"","ast-hfb-mobile-header-display":"","site-post-title":"disabled","ast-breadcrumbs-content":"","ast-featured-img":"","footer-sml-layout":"","ast-disable-related-posts":"","theme-transparent-header-meta":"enabled","adv-header-id-meta":"","stick-header-meta":"","header-above-stick-meta":"","header-main-stick-meta":"","header-below-stick-meta":"","astra-migrate-meta-layouts":"default","ast-page-background-enabled":"default","ast-page-background-meta":{"desktop":{"background-color":"var(--ast-global-color-4)","background-image":"","background-repeat":"repeat","background-position":"center center","background-size":"auto","background-attachment":"scroll","background-type":"","background-media":"","overlay-type":"","overlay-color":"","overlay-opacity":"","overlay-gradient":""},"tablet":{"background-color":"","background-image":"","background-repeat":"repeat","background-position":"center center","background-size":"auto","background-attachment":"scroll","background-type":"","background-media":"","overlay-type":"","overlay-color":"","overlay-opacity":"","overlay-gradient":""},"mobile":{"background-color":"","background-image":"","background-repeat":"repeat","background-position":"center center","background-size":"auto","background-attachment":"scroll","background-type":"","background-media":"","overlay-type":"","overlay-color":"","overlay-opacity":"","overlay-gradient":""}},"ast-content-background-meta":{"desktop":{"background-color":"var(--ast-global-color-5)","background-image":"","background-repeat":"repeat","background-position":"center center","background-size":"auto","background-attachment":"scroll","background-type":"","background-media":"","overlay-type":"","overlay-color":"","overlay-opacity":"","overlay-gradient":""},"tablet":{"background-color":"var(--ast-global-color-5)","background-image":"","background-repeat":"repeat","background-position":"center center","background-size":"auto","background-attachment":"scroll","background-type":"","background-media":"","overlay-type":"","overlay-color":"","overlay-opacity":"","overlay-gradient":""},"mobile":{"background-color":"var(--ast-global-color-5)","background-image":"","background-repeat":"repeat","background-position":"center center","background-size":"auto","background-attachment":"scroll","background-type":"","background-media":"","overlay-type":"","overlay-color":"","overlay-opacity":"","overlay-gradient":""}},"footnotes":""},"class_list":["post-2815","page","type-page","status-publish","hentry"],"uagb_featured_image_src":{"full":false,"thumbnail":false,"medium":false,"medium_large":false,"large":false,"1536x1536":false,"2048x2048":false,"gform-image-choice-sm":false,"gform-image-choice-md":false,"gform-image-choice-lg":false},"uagb_author_info":{"display_name":"Boris Hoekmeijer","author_link":"https:\/\/wpmlexpert.com\/de\/author\/admbo_xp3rtwpml-45hg78xc3\/"},"uagb_comment_info":0,"uagb_excerpt":null,"_links":{"self":[{"href":"https:\/\/wpmlexpert.com\/de\/wp-json\/wp\/v2\/pages\/2815","targetHints":{"allow":["GET"]}}],"collection":[{"href":"https:\/\/wpmlexpert.com\/de\/wp-json\/wp\/v2\/pages"}],"about":[{"href":"https:\/\/wpmlexpert.com\/de\/wp-json\/wp\/v2\/types\/page"}],"author":[{"embeddable":true,"href":"https:\/\/wpmlexpert.com\/de\/wp-json\/wp\/v2\/users\/4"}],"replies":[{"embeddable":true,"href":"https:\/\/wpmlexpert.com\/de\/wp-json\/wp\/v2\/comments?post=2815"}],"version-history":[{"count":1,"href":"https:\/\/wpmlexpert.com\/de\/wp-json\/wp\/v2\/pages\/2815\/revisions"}],"predecessor-version":[{"id":2816,"href":"https:\/\/wpmlexpert.com\/de\/wp-json\/wp\/v2\/pages\/2815\/revisions\/2816"}],"wp:attachment":[{"href":"https:\/\/wpmlexpert.com\/de\/wp-json\/wp\/v2\/media?parent=2815"}],"curies":[{"name":"wp","href":"https:\/\/api.w.org\/{rel}","templated":true}]}}