{"id":2811,"date":"2025-12-22T16:31:49","date_gmt":"2025-12-22T15:31:49","guid":{"rendered":"https:\/\/wpmlexpert.com\/wpml-fehlerbehebung\/"},"modified":"2026-03-17T14:53:30","modified_gmt":"2026-03-17T13:53:30","slug":"wpml-fehlerbehebung","status":"publish","type":"page","link":"https:\/\/wpmlexpert.com\/de\/wpml-fehlerbehebung\/","title":{"rendered":"WPML-Fehlerbehebung"},"content":{"rendered":"\n<div class=\"wp-block-uagb-container banner uagb-block-6e6795cc alignfull uagb-is-root-container\"><div class=\"uagb-container-inner-blocks-wrap\">\n<div class=\"wp-block-uagb-info-box uagb-block-2b3d8aef uagb-infobox__content-wrap  uagb-infobox-icon-above-title uagb-infobox-image-valign-top\"><div class=\"uagb-ifb-content\"><div class=\"uagb-ifb-title-wrap\"><span class=\"uagb-ifb-title-prefix\">Ihre Lokalisierungsspezialisten<\/span><h1 class=\"uagb-ifb-title\">Probleme mit WPML? Rufen Sie WPML-Expert an, wir l\u00f6sen das Problem f\u00fcr Sie.<\/h1><\/div><\/div><\/div>\n<\/div><\/div>\n\n\n\n<div class=\"wp-block-uagb-container uagb-block-c4e157a0 alignfull uagb-is-root-container\"><div class=\"uagb-container-inner-blocks-wrap\">\n<div class=\"wp-block-uagb-container uagb-block-7b2ae4e0 alignfull uagb-is-root-container\"><div class=\"uagb-container-inner-blocks-wrap\">\n<div class=\"wp-block-uagb-container uagb-block-9c729b6d\">\n<div style=\"height:4rem\" aria-hidden=\"true\" class=\"wp-block-spacer\"><\/div>\n\n\n\n<div class=\"wp-block-uagb-info-box uagb-block-965a49b3 uagb-infobox__content-wrap  uagb-infobox-icon-above-title uagb-infobox-image-valign-top wp-block-uagb-info-box--has-margin\"><div class=\"uagb-infobox-margin-wrapper\"><div class=\"uagb-ifb-content\"><div class=\"uagb-ifb-title-wrap\"><span class=\"uagb-ifb-title-prefix\">Probleme mit WPML?<\/span><h2 class=\"uagb-ifb-title\">WPML und WordPress Fehlerbehebung<\/h2><\/div><p class=\"uagb-ifb-desc\">Eine mehrsprachige Website bringt ihre eigenen Herausforderungen mit sich. Es handelt sich um ein komplexes System, in dem alles sprach\u00fcbergreifend miteinander verbunden sein muss, damit s\u00e4mtliche Inhalte \u00fcbersetzt werden und bei \u00c4nderungen am Original automatisch aktualisiert werden.<br><br><br>WPML ist hier keine Ausnahme. Fehler bei der Einrichtung, Kompatibilit\u00e4tsprobleme mit anderen Plugins oder Themes (oder meist umgekehrt), Schwierigkeiten mit Page Buildern wie Elementor, die Arbeit mit Advanced Custom Fields und sogar gelegentliche Bugs oder Datenbankbesch\u00e4digungen \u2013 all das kann schnell zu einer gro\u00dfen Herausforderung werden, wenn WPML nicht zu Ihrem Tagesgesch\u00e4ft geh\u00f6rt.<br><br><br>Wir haben das alles schon gesehen \u2013 und fast immer finden wir eine L\u00f6sung. Wenn Ihnen die Zeit oder das Know-how fehlt, um tief genug einzusteigen, oder Ihr CEO langsam ungeduldig wird, k\u00f6nnen Sie einen WPML-Spezialisten wie uns beauftragen, um die Dinge f\u00fcr Sie zu kl\u00e4ren.<br><br><br>Z\u00f6gern Sie nicht, uns zu kontaktieren und die WordPress- oder WPML-Probleme zu schildern, die Sie aktuell haben. Wir sind sicher, dass wir Ihnen \u00fcber den regul\u00e4ren WPML-Support hinaus helfen k\u00f6nnen!<\/p><\/div><\/div><\/div>\n<\/div>\n\n\n\n<div class=\"wp-block-uagb-container uagb-block-2b36acf2\">\n<div class=\"wp-block-uagb-image alignleft uagb-block-e782fd24 wp-block-uagb-image--layout-default wp-block-uagb-image--effect-static wp-block-uagb-image--align-left\"><figure class=\"wp-block-uagb-image__figure\"><img decoding=\"async\" srcset=\"https:\/\/wpmlexpert.com\/wp-content\/uploads\/2025\/12\/pexels-photo-3935702-1024x682.jpeg ,https:\/\/wpmlexpert.com\/wp-content\/uploads\/2025\/12\/pexels-photo-3935702.jpeg 780w, https:\/\/wpmlexpert.com\/wp-content\/uploads\/2025\/12\/pexels-photo-3935702.jpeg 360w\" sizes=\"auto, (max-width: 480px) 150px\" src=\"https:\/\/wpmlexpert.com\/wp-content\/uploads\/2025\/12\/pexels-photo-3935702-1024x682.jpeg\" alt=\"A woman holds a map while traveling through the scenic desert of California, USA.\" class=\"uag-image-84\" width=\"550\" height=\"564\" title=\"pexels photo 3935702\" loading=\"lazy\" role=\"img\"\/><\/figure><\/div>\n<\/div>\n<\/div><\/div>\n\n\n\n<div class=\"wp-block-uagb-container uagb-block-65240cb9\">\n<div class=\"wp-block-uagb-container uagb-block-ca86322d\">\n<div class=\"wp-block-uagb-info-box uagb-block-360c83f5 uagb-infobox__content-wrap  uagb-infobox-icon-above-title uagb-infobox-image-valign-top wp-block-uagb-info-box--has-margin\"><div class=\"uagb-infobox-margin-wrapper\"><div class=\"uagb-ifb-content\"><div class=\"uagb-ifb-title-wrap\"><span class=\"uagb-ifb-title-prefix\">Ihr eigener WPML-Experte im Haus<\/span><h2 class=\"uagb-ifb-title\">Vor-Ort-Support<\/h2><\/div><p class=\"uagb-ifb-desc\">Wenn Sie m\u00f6chten, bietet WPML Expert Vor-Ort-Support an, um direkt mit Ihrem Team zusammenzuarbeiten. Diese pers\u00f6nliche Betreuung stellt sicher, dass wir Ihre Anforderungen vollst\u00e4ndig verstehen und eventuelle Anliegen in Echtzeit kl\u00e4ren k\u00f6nnen.<\/p><\/div><\/div><\/div>\n<\/div>\n\n\n\n<div class=\"wp-block-uagb-container uagb-block-a42989c3\">\n<div class=\"wp-block-uagb-image alignleft uagb-block-2a6bfcea wp-block-uagb-image--layout-default wp-block-uagb-image--effect-static wp-block-uagb-image--align-left\"><figure class=\"wp-block-uagb-image__figure\"><img decoding=\"async\" srcset=\"https:\/\/wpmlexpert.com\/wp-content\/uploads\/2025\/12\/working-on-site-for-wpml-support-wpml-experrt.jpg ,https:\/\/wpmlexpert.com\/wp-content\/uploads\/2025\/12\/working-on-site-for-wpml-support-wpml-experrt.jpg 780w, https:\/\/wpmlexpert.com\/wp-content\/uploads\/2025\/12\/working-on-site-for-wpml-support-wpml-experrt.jpg 360w\" sizes=\"auto, (max-width: 480px) 150px\" src=\"https:\/\/wpmlexpert.com\/wp-content\/uploads\/2025\/12\/working-on-site-for-wpml-support-wpml-experrt.jpg\" alt=\"working on site for wpml support wpml experrt\" class=\"uag-image-2252\" width=\"550\" height=\"564\" title=\"working on site for wpml support wpml experrt\" loading=\"lazy\" role=\"img\"\/><\/figure><\/div>\n<\/div>\n<\/div>\n<\/div><\/div>\n\n\n\n<div class=\"wp-block-uagb-container uagb-block-01233b1d alignfull uagb-is-root-container\"><div class=\"uagb-container-inner-blocks-wrap\">\n<div class=\"wp-block-uagb-info-box uagb-block-d6296cb9 uagb-infobox__content-wrap  uagb-infobox-icon-above-title uagb-infobox-image-valign-top\"><div class=\"uagb-ifb-content\"><div class=\"uagb-ifb-title-wrap\"><span class=\"uagb-ifb-title-prefix\">Lassen Sie uns Zusammenarbeiten<\/span><h2 class=\"uagb-ifb-title\">Kontaktieren Sie uns noch heute \u2013 und bringen Sie Ihre WPML-Website zum Laufen!<\/h2><\/div><\/div><\/div>\n\n\n\n<div class=\"wp-block-uagb-buttons uagb-buttons__outer-wrap uagb-btn__default-btn uagb-btn-tablet__default-btn uagb-btn-mobile__default-btn uagb-block-0e23ee78\"><div class=\"uagb-buttons__wrap uagb-buttons-layout-wrap \">\n<div class=\"wp-block-uagb-buttons-child uagb-buttons__outer-wrap uagb-block-6cb20356 wp-block-button\"><div class=\"uagb-button__wrapper\"><a class=\"uagb-buttons-repeater ast-outline-button\" aria-label=\"\" style=\"border-width:revert-layer\" href=\"https:\/\/wpmlexpert.com\/de\/kontakt-aufnemen-mit-wpml-expert\/\" rel=\"follow noopener\" target=\"_self\" role=\"button\"><div class=\"uagb-button__link\">Los Geht&#8217;s<\/div><\/a><\/div><\/div>\n<\/div><\/div>\n<\/div><\/div>\n","protected":false},"excerpt":{"rendered":"","protected":false},"author":4,"featured_media":0,"parent":0,"menu_order":23,"comment_status":"closed","ping_status":"closed","template":"","meta":{"_seopress_robots_primary_cat":"","_seopress_titles_title":"","_seopress_titles_desc":"Haben Sie Probleme, Ihre WPML-Website richtig zum Laufen zu bringen? Wir sind WPML-Experten und helfen Ihnen gerne dabei, alles zu beheben! Sagen Sie uns, was Sie ben\u00f6tigen \u2013 wir legen sofort los!","_seopress_robots_index":"","_uag_custom_page_level_css":"","site-sidebar-layout":"no-sidebar","site-content-layout":"","ast-site-content-layout":"normal-width-container","site-content-style":"default","site-sidebar-style":"default","ast-global-header-display":"","ast-banner-title-visibility":"","ast-main-header-display":"","ast-hfb-above-header-display":"","ast-hfb-below-header-display":"","ast-hfb-mobile-header-display":"","site-post-title":"disabled","ast-breadcrumbs-content":"","ast-featured-img":"","footer-sml-layout":"","ast-disable-related-posts":"","theme-transparent-header-meta":"enabled","adv-header-id-meta":"","stick-header-meta":"","header-above-stick-meta":"","header-main-stick-meta":"","header-below-stick-meta":"","astra-migrate-meta-layouts":"default","ast-page-background-enabled":"default","ast-page-background-meta":{"desktop":{"background-color":"var(--ast-global-color-4)","background-image":"","background-repeat":"repeat","background-position":"center center","background-size":"auto","background-attachment":"scroll","background-type":"","background-media":"","overlay-type":"","overlay-color":"","overlay-opacity":"","overlay-gradient":""},"tablet":{"background-color":"","background-image":"","background-repeat":"repeat","background-position":"center center","background-size":"auto","background-attachment":"scroll","background-type":"","background-media":"","overlay-type":"","overlay-color":"","overlay-opacity":"","overlay-gradient":""},"mobile":{"background-color":"","background-image":"","background-repeat":"repeat","background-position":"center center","background-size":"auto","background-attachment":"scroll","background-type":"","background-media":"","overlay-type":"","overlay-color":"","overlay-opacity":"","overlay-gradient":""}},"ast-content-background-meta":{"desktop":{"background-color":"var(--ast-global-color-5)","background-image":"","background-repeat":"repeat","background-position":"center center","background-size":"auto","background-attachment":"scroll","background-type":"","background-media":"","overlay-type":"","overlay-color":"","overlay-opacity":"","overlay-gradient":""},"tablet":{"background-color":"var(--ast-global-color-5)","background-image":"","background-repeat":"repeat","background-position":"center center","background-size":"auto","background-attachment":"scroll","background-type":"","background-media":"","overlay-type":"","overlay-color":"","overlay-opacity":"","overlay-gradient":""},"mobile":{"background-color":"var(--ast-global-color-5)","background-image":"","background-repeat":"repeat","background-position":"center center","background-size":"auto","background-attachment":"scroll","background-type":"","background-media":"","overlay-type":"","overlay-color":"","overlay-opacity":"","overlay-gradient":""}},"footnotes":""},"class_list":["post-2811","page","type-page","status-publish","hentry"],"uagb_featured_image_src":{"full":false,"thumbnail":false,"medium":false,"medium_large":false,"large":false,"1536x1536":false,"2048x2048":false,"gform-image-choice-sm":false,"gform-image-choice-md":false,"gform-image-choice-lg":false},"uagb_author_info":{"display_name":"Boris Hoekmeijer","author_link":"https:\/\/wpmlexpert.com\/de\/author\/admbo_xp3rtwpml-45hg78xc3\/"},"uagb_comment_info":0,"uagb_excerpt":null,"_links":{"self":[{"href":"https:\/\/wpmlexpert.com\/de\/wp-json\/wp\/v2\/pages\/2811","targetHints":{"allow":["GET"]}}],"collection":[{"href":"https:\/\/wpmlexpert.com\/de\/wp-json\/wp\/v2\/pages"}],"about":[{"href":"https:\/\/wpmlexpert.com\/de\/wp-json\/wp\/v2\/types\/page"}],"author":[{"embeddable":true,"href":"https:\/\/wpmlexpert.com\/de\/wp-json\/wp\/v2\/users\/4"}],"replies":[{"embeddable":true,"href":"https:\/\/wpmlexpert.com\/de\/wp-json\/wp\/v2\/comments?post=2811"}],"version-history":[{"count":2,"href":"https:\/\/wpmlexpert.com\/de\/wp-json\/wp\/v2\/pages\/2811\/revisions"}],"predecessor-version":[{"id":2945,"href":"https:\/\/wpmlexpert.com\/de\/wp-json\/wp\/v2\/pages\/2811\/revisions\/2945"}],"wp:attachment":[{"href":"https:\/\/wpmlexpert.com\/de\/wp-json\/wp\/v2\/media?parent=2811"}],"curies":[{"name":"wp","href":"https:\/\/api.w.org\/{rel}","templated":true}]}}